{"id":108,"date":"2014-02-23T17:25:18","date_gmt":"2014-02-23T15:25:18","guid":{"rendered":"http:\/\/www.vereinigte-kalkwerke.de\/?p=108"},"modified":"2020-11-13T16:42:55","modified_gmt":"2020-11-13T14:42:55","slug":"vkw-planen-benefiz-konzert-mit-noisevoice","status":"publish","type":"page","link":"https:\/\/www.vereinigte-kalkwerke.de\/?page_id=108","title":{"rendered":"VKW Benefiz-Konzert mit Noise&#038;Voice am 17.05.2014 in der B\u00f6rse -Public Viewing und hei\u00dfe Musik-"},"content":{"rendered":"<p>Die VKW pr\u00e4sentieren am <strong>17. Mai 2014<\/strong> ein Benefiz Konzert zu Gunsten der Hospiz-Siftung Arnsberg mit der bekannten &nbsp;Arnsberger Band <strong>Noise&amp;Voice<\/strong>. Das Konzert wird in Arnsberg, Steinweg&nbsp; in der Gastst\u00e4tte <strong>&#8222;Zur B\u00f6rse&#8220;<\/strong> stattfinden.<\/p>\n<p><a href=\"https:\/\/www.vereinigte-kalkwerke.de\/wp-content\/uploads\/2014\/02\/IMG_00011.jpg\"><img loading=\"lazy\" class=\"alignnone size-medium wp-image-291\" src=\"https:\/\/www.vereinigte-kalkwerke.de\/wp-content\/uploads\/2014\/02\/IMG_00011-300x78.jpg\" alt=\"IMG_0001\" width=\"300\" height=\"78\" srcset=\"https:\/\/www.vereinigte-kalkwerke.de\/wp-content\/uploads\/2014\/02\/IMG_00011-300x78.jpg 300w, https:\/\/www.vereinigte-kalkwerke.de\/wp-content\/uploads\/2014\/02\/IMG_00011-1024x268.jpg 1024w\" sizes=\"(max-width: 300px) 100vw, 300px\" \/><\/a><\/p>\n<p>F\u00fcr die Fu\u00dfballfans stellt der Veranstalter eine Leinwand auf, so dass sich Musik und Fu\u00dfball abwechseln. P\u00fcnktlich um 19:15 Uhr wird Noise &amp; Voice das 1 Set performen. Den Thekendienst \u00fcbernimmt der AMC Arnsberg&nbsp; und Stammtischmitglied Hermann Rath, der das ja noch k\u00f6nnen sollte. Auch werden Kleinigkeiten zum Verzehr angboten. Der Vorverkauf der Eintrittskarten zum Preis von 10 \u20ac,-&nbsp;hat&nbsp; am 01.04.2014&nbsp; in den auf dem Plakat genannten Vorverkaufsstellen begonnen.<\/p>\n<p>Hier das Plakat zur Veranstaltung.<\/p>\n<p><a href=\"https:\/\/www.vereinigte-kalkwerke.de\/wp-content\/uploads\/2014\/02\/NV-Plakat-B\u00f6rse-V2-final.pptx\">N&amp;V Plakat B\u00f6rse V2 final<\/a><\/p>\n<p>Weitere Informationen folgen in K\u00fcrze.<\/p>\n<p>Hier die Pressemitteilung vom 17.04.2014 in der Westfalenpost\/Westf\u00e4lischen Rundschau und dem Sauerlandkurier:<\/p>\n<p><a href=\"https:\/\/www.vereinigte-kalkwerke.de\/wp-content\/uploads\/2014\/02\/Benefitz-B\u00f6rse-WP-Bericht.pdf\">Benefitz-B\u00f6rse WP Bericht<\/a><\/p>\n<p>Bericht Sauerlandkurier vom 04.05.2014<\/p>\n<p><a href=\"https:\/\/www.vereinigte-kalkwerke.de\/wp-content\/uploads\/2014\/02\/Benefizkonzert.jpg\"><img loading=\"lazy\" class=\"alignnone size-thumbnail wp-image-284\" src=\"https:\/\/www.vereinigte-kalkwerke.de\/wp-content\/uploads\/2014\/02\/Benefizkonzert-150x150.jpg\" alt=\"Benefizkonzert Sauerlandkur.\" width=\"150\" height=\"150\"><\/a><\/p>\n<p>Bericht im Wochenanzeiger<\/p>\n<p><a href=\"https:\/\/www.vereinigte-kalkwerke.de\/wp-content\/uploads\/2014\/05\/Wochehanzeiger-B\u00f6rse-.jpg\"><img loading=\"lazy\" class=\"alignnone size-medium wp-image-295\" src=\"https:\/\/www.vereinigte-kalkwerke.de\/wp-content\/uploads\/2014\/05\/Wochehanzeiger-B\u00f6rse--300x246.jpg\" alt=\"Wochehanzeiger B\u00f6rse\" width=\"300\" height=\"246\" srcset=\"https:\/\/www.vereinigte-kalkwerke.de\/wp-content\/uploads\/2014\/05\/Wochehanzeiger-B\u00f6rse--300x246.jpg 300w, https:\/\/www.vereinigte-kalkwerke.de\/wp-content\/uploads\/2014\/05\/Wochehanzeiger-B\u00f6rse--1024x842.jpg 1024w\" sizes=\"(max-width: 300px) 100vw, 300px\" \/><\/a><\/p>\n<p>Weitere Infos zu Noise&amp;Voice gibt es hier:<\/p>\n<p><a href=\"http:\/\/www.noiseandvoice.de\/\">http:\/\/www.noiseandvoice.de\/<\/a><\/p>\n","protected":false},"excerpt":{"rendered":"<p>Die VKW pr\u00e4sentieren am 17. Mai 2014 ein Benefiz Konzert zu Gunsten der Hospiz-Siftung Arnsberg mit der bekannten &nbsp;Arnsberger Band Noise&amp;Voice. Das Konzert wird in Arnsberg, Steinweg&nbsp; in der Gastst\u00e4tte &#8222;Zur B\u00f6rse&#8220; stattfinden. F\u00fcr die Fu\u00dfballfans stellt der Veranstalter eine Leinwand auf, so dass sich Musik und Fu\u00dfball abwechseln. P\u00fcnktlich um 19:15 Uhr wird Noise &hellip; <a class=\"read-excerpt\" href=\"https:\/\/www.vereinigte-kalkwerke.de\/?page_id=108\">Weiterlesen <span class=\"meta-nav\">&raquo;<\/span><\/a><\/p>\n","protected":false},"author":2,"featured_media":0,"parent":2055,"menu_order":6,"comment_status":"open","ping_status":"open","template":"","meta":[],"_links":{"self":[{"href":"https:\/\/www.vereinigte-kalkwerke.de\/index.php?rest_route=\/wp\/v2\/pages\/108"}],"collection":[{"href":"https:\/\/www.vereinigte-kalkwerke.de\/index.php?rest_route=\/wp\/v2\/pages"}],"about":[{"href":"https:\/\/www.vereinigte-kalkwerke.de\/index.php?rest_route=\/wp\/v2\/types\/page"}],"author":[{"embeddable":true,"href":"https:\/\/www.vereinigte-kalkwerke.de\/index.php?rest_route=\/wp\/v2\/users\/2"}],"replies":[{"embeddable":true,"href":"https:\/\/www.vereinigte-kalkwerke.de\/index.php?rest_route=%2Fwp%2Fv2%2Fcomments&post=108"}],"version-history":[{"count":21,"href":"https:\/\/www.vereinigte-kalkwerke.de\/index.php?rest_route=\/wp\/v2\/pages\/108\/revisions"}],"predecessor-version":[{"id":2046,"href":"https:\/\/www.vereinigte-kalkwerke.de\/index.php?rest_route=\/wp\/v2\/pages\/108\/revisions\/2046"}],"up":[{"embeddable":true,"href":"https:\/\/www.vereinigte-kalkwerke.de\/index.php?rest_route=\/wp\/v2\/pages\/2055"}],"wp:attachment":[{"href":"https:\/\/www.vereinigte-kalkwerke.de\/index.php?rest_route=%2Fwp%2Fv2%2Fmedia&parent=108"}],"curies":[{"name":"wp","href":"https:\/\/api.w.org\/{rel}","templated":true}]}}