{"id":1141,"date":"2017-11-08T16:32:01","date_gmt":"2017-11-08T14:32:01","guid":{"rendered":"http:\/\/www.vereinigte-kalkwerke.de\/?p=1141"},"modified":"2020-11-13T17:24:51","modified_gmt":"2020-11-13T15:24:51","slug":"ausflug-ins-alte-land-planung","status":"publish","type":"page","link":"https:\/\/www.vereinigte-kalkwerke.de\/?page_id=1141","title":{"rendered":"Ausflug ins Alte Land (Planung)"},"content":{"rendered":"<p>Zu den Aktivit\u00e4ten des Stammtisches geh\u00f6ren seit Jahrzehnten immer wieder Reisen innerhalb Deutschlands und ins angrenzende Ausland.<\/p>\n<p>Unser bew\u00e4hrter Reiseorganisator Klaus Eilers hat nun beim letzten Stammtisch folgenden Vorschlag gemacht:<\/p>\n<p>Fahrt ins Alte Land mit Erleben der Obstbl\u00fcte.<\/p>\n<p><a href=\"http:\/\/www.urlaubsregion-altesland.de\/obstbluete\/obstbluete-erntezeit.html\">Obstbl\u00fcte im Alten Land<\/a><\/p>\n<p>Termin: 27.04.-29.04.2018<\/p>\n<p>Unser Speaker und der Organisator bitten um zahlreiche, zeitnahe Anmeldungen.<\/p>\n<p>Der Stand der Anmeldungen wird demn\u00e4chst hier ver\u00f6ffentlicht:<\/p>\n","protected":false},"excerpt":{"rendered":"<p>Zu den Aktivit\u00e4ten des Stammtisches geh\u00f6ren seit Jahrzehnten immer wieder Reisen innerhalb Deutschlands und ins angrenzende Ausland. Unser bew\u00e4hrter Reiseorganisator Klaus Eilers hat nun beim letzten Stammtisch folgenden Vorschlag gemacht: Fahrt ins Alte Land mit Erleben der Obstbl\u00fcte. Obstbl\u00fcte im Alten Land Termin: 27.04.-29.04.2018 Unser Speaker und der Organisator bitten um zahlreiche, zeitnahe Anmeldungen. Der &hellip; <a class=\"read-excerpt\" href=\"https:\/\/www.vereinigte-kalkwerke.de\/?page_id=1141\">Weiterlesen <span class=\"meta-nav\">&raquo;<\/span><\/a><\/p>\n","protected":false},"author":2,"featured_media":0,"parent":2093,"menu_order":1,"comment_status":"open","ping_status":"open","template":"","meta":[],"_links":{"self":[{"href":"https:\/\/www.vereinigte-kalkwerke.de\/index.php?rest_route=\/wp\/v2\/pages\/1141"}],"collection":[{"href":"https:\/\/www.vereinigte-kalkwerke.de\/index.php?rest_route=\/wp\/v2\/pages"}],"about":[{"href":"https:\/\/www.vereinigte-kalkwerke.de\/index.php?rest_route=\/wp\/v2\/types\/page"}],"author":[{"embeddable":true,"href":"https:\/\/www.vereinigte-kalkwerke.de\/index.php?rest_route=\/wp\/v2\/users\/2"}],"replies":[{"embeddable":true,"href":"https:\/\/www.vereinigte-kalkwerke.de\/index.php?rest_route=%2Fwp%2Fv2%2Fcomments&post=1141"}],"version-history":[{"count":2,"href":"https:\/\/www.vereinigte-kalkwerke.de\/index.php?rest_route=\/wp\/v2\/pages\/1141\/revisions"}],"predecessor-version":[{"id":1144,"href":"https:\/\/www.vereinigte-kalkwerke.de\/index.php?rest_route=\/wp\/v2\/pages\/1141\/revisions\/1144"}],"up":[{"embeddable":true,"href":"https:\/\/www.vereinigte-kalkwerke.de\/index.php?rest_route=\/wp\/v2\/pages\/2093"}],"wp:attachment":[{"href":"https:\/\/www.vereinigte-kalkwerke.de\/index.php?rest_route=%2Fwp%2Fv2%2Fmedia&parent=1141"}],"curies":[{"name":"wp","href":"https:\/\/api.w.org\/{rel}","templated":true}]}}