{"id":1160,"date":"2017-12-20T16:28:34","date_gmt":"2017-12-20T14:28:34","guid":{"rendered":"http:\/\/www.vereinigte-kalkwerke.de\/?p=1160"},"modified":"2020-11-12T20:38:20","modified_gmt":"2020-11-12T18:38:20","slug":"traditionelles-wildessen-diesmal-als-gruenkohlessen","status":"publish","type":"page","link":"https:\/\/www.vereinigte-kalkwerke.de\/?page_id=1160","title":{"rendered":"Traditionelles Wildessen diesmal als Gr\u00fcnkohlessen 2017"},"content":{"rendered":"<p>In Ermangelung von erlegtem Wild fand das traditionelle Wildessen 2017 als Gr\u00fcnkohlessen statt.<\/p>\n<p>P\u00fcnktlich um 18:00 Uhr am 13. Dezember begr\u00fc\u00dfte der Speaker der VKW, Dr. Wilhelm Geldmacher, zahlreiche Stammtischfreunde zum traditionellen Vorweihnachtsessen im Stammtischlokal Ratskeller. Da die J\u00e4ger unter den Stammtischfreunden in 2017 nicht so erfolgreich waren, wurde von der K\u00fcche des Ratskellers diesmal Gr\u00fcnkohl serviert, der aber auch bei allen Teilnehmern sehr gut ankam.<\/p>\n<p><a href=\"https:\/\/www.vereinigte-kalkwerke.de\/wp-content\/uploads\/2017\/12\/IMG_0319web.jpg\"><img loading=\"lazy\" class=\"alignleft wp-image-1167 size-thumbnail\" src=\"https:\/\/www.vereinigte-kalkwerke.de\/wp-content\/uploads\/2017\/12\/IMG_0319web-e1605205668267-150x150.jpg\" alt=\"\" width=\"150\" height=\"150\"><\/a><img loading=\"lazy\" class=\"alignleft wp-image-1178 size-thumbnail\" src=\"https:\/\/www.vereinigte-kalkwerke.de\/wp-content\/uploads\/2017\/12\/IMG_0330web-150x150.jpg\" alt=\"\" width=\"150\" height=\"150\"><\/p>\n<p><span style=\"color: #000000;\">&nbsp;<\/span><\/p>\n<p>Abgerundet wurde das vorz\u00fcglich Weihnachtsessen mit dem traditionellen Pillkaller, der vom Dr. Emil K\u00e4mper aufgelassen wurde. Als Gast war der Einladung der Vereinigten Kalkwerke Herr Regierungsvizepr\u00e4siden Volker Milk gefolgt, dem der Abend viel Spa\u00df bereitet hat.<\/p>\n<p><a href=\"https:\/\/www.vereinigte-kalkwerke.de\/wp-content\/uploads\/2017\/12\/IMG_0316web.jpg\"><br \/>\n<\/a><a href=\"https:\/\/www.vereinigte-kalkwerke.de\/wp-content\/uploads\/2017\/12\/IMG_0316web.jpg\"><img loading=\"lazy\" class=\"alignleft wp-image-1164 size-thumbnail\" src=\"https:\/\/www.vereinigte-kalkwerke.de\/wp-content\/uploads\/2017\/12\/IMG_0316web-150x150.jpg\" alt=\"\" width=\"150\" height=\"150\"><\/a><\/p>\n<p><a href=\"https:\/\/www.vereinigte-kalkwerke.de\/wp-content\/uploads\/2017\/12\/IMG_0321web.jpg\"><img loading=\"lazy\" class=\"alignleft size-thumbnail wp-image-1169\" src=\"https:\/\/www.vereinigte-kalkwerke.de\/wp-content\/uploads\/2017\/12\/IMG_0321web-150x150.jpg\" alt=\"\" width=\"150\" height=\"150\"><\/a> <a href=\"https:\/\/www.vereinigte-kalkwerke.de\/wp-content\/uploads\/2017\/12\/IMG_0322web.jpg\"><img loading=\"lazy\" class=\"alignleft size-thumbnail wp-image-1170\" src=\"https:\/\/www.vereinigte-kalkwerke.de\/wp-content\/uploads\/2017\/12\/IMG_0322web-150x150.jpg\" alt=\"\" width=\"150\" height=\"150\"><\/a> <a href=\"https:\/\/www.vereinigte-kalkwerke.de\/wp-content\/uploads\/2017\/12\/IMG_0324web.jpg\"><img loading=\"lazy\" class=\"alignleft size-thumbnail wp-image-1172\" src=\"https:\/\/www.vereinigte-kalkwerke.de\/wp-content\/uploads\/2017\/12\/IMG_0324web-150x150.jpg\" alt=\"\" width=\"150\" height=\"150\"><\/a><a href=\"https:\/\/www.vereinigte-kalkwerke.de\/wp-content\/uploads\/2017\/12\/IMG_0325web.jpg\"><img loading=\"lazy\" class=\"alignleft size-thumbnail wp-image-1173\" src=\"https:\/\/www.vereinigte-kalkwerke.de\/wp-content\/uploads\/2017\/12\/IMG_0325web-150x150.jpg\" alt=\"\" width=\"150\" height=\"150\"><\/a><a href=\"https:\/\/www.vereinigte-kalkwerke.de\/wp-content\/uploads\/2017\/12\/IMG_0326web.jpg\"><img loading=\"lazy\" class=\"alignleft size-thumbnail wp-image-1174\" src=\"https:\/\/www.vereinigte-kalkwerke.de\/wp-content\/uploads\/2017\/12\/IMG_0326web-150x150.jpg\" alt=\"\" width=\"150\" height=\"150\"><\/a><a href=\"https:\/\/www.vereinigte-kalkwerke.de\/wp-content\/uploads\/2017\/12\/IMG_0327web.jpg\"><img loading=\"lazy\" class=\"alignleft size-thumbnail wp-image-1175\" src=\"https:\/\/www.vereinigte-kalkwerke.de\/wp-content\/uploads\/2017\/12\/IMG_0327web-150x150.jpg\" alt=\"\" width=\"150\" height=\"150\"><\/a><a href=\"https:\/\/www.vereinigte-kalkwerke.de\/wp-content\/uploads\/2017\/12\/IMG_0328web.jpg\"><img loading=\"lazy\" class=\"alignleft size-thumbnail wp-image-1176\" src=\"https:\/\/www.vereinigte-kalkwerke.de\/wp-content\/uploads\/2017\/12\/IMG_0328web-150x150.jpg\" alt=\"\" width=\"150\" height=\"150\"><\/a><a href=\"https:\/\/www.vereinigte-kalkwerke.de\/wp-content\/uploads\/2017\/12\/IMG_0329web.jpg\"><img loading=\"lazy\" class=\"alignleft size-thumbnail wp-image-1177\" src=\"https:\/\/www.vereinigte-kalkwerke.de\/wp-content\/uploads\/2017\/12\/IMG_0329web-150x150.jpg\" alt=\"\" width=\"150\" height=\"150\"><\/a><a href=\"https:\/\/www.vereinigte-kalkwerke.de\/wp-content\/uploads\/2017\/12\/IMG_0333web.jpg\"><img loading=\"lazy\" class=\"alignleft size-thumbnail wp-image-1180\" src=\"https:\/\/www.vereinigte-kalkwerke.de\/wp-content\/uploads\/2017\/12\/IMG_0333web-150x150.jpg\" alt=\"\" width=\"150\" height=\"150\"><\/a><\/p>\n","protected":false},"excerpt":{"rendered":"<p>In Ermangelung von erlegtem Wild fand das traditionelle Wildessen 2017 als Gr\u00fcnkohlessen statt. P\u00fcnktlich um 18:00 Uhr am 13. Dezember begr\u00fc\u00dfte der Speaker der VKW, Dr. Wilhelm Geldmacher, zahlreiche Stammtischfreunde zum traditionellen Vorweihnachtsessen im Stammtischlokal Ratskeller. Da die J\u00e4ger unter den Stammtischfreunden in 2017 nicht so erfolgreich waren, wurde von der K\u00fcche des Ratskellers diesmal &hellip; <a class=\"read-excerpt\" href=\"https:\/\/www.vereinigte-kalkwerke.de\/?page_id=1160\">Weiterlesen <span class=\"meta-nav\">&raquo;<\/span><\/a><\/p>\n","protected":false},"author":2,"featured_media":0,"parent":852,"menu_order":4,"comment_status":"open","ping_status":"open","template":"","meta":[],"_links":{"self":[{"href":"https:\/\/www.vereinigte-kalkwerke.de\/index.php?rest_route=\/wp\/v2\/pages\/1160"}],"collection":[{"href":"https:\/\/www.vereinigte-kalkwerke.de\/index.php?rest_route=\/wp\/v2\/pages"}],"about":[{"href":"https:\/\/www.vereinigte-kalkwerke.de\/index.php?rest_route=\/wp\/v2\/types\/page"}],"author":[{"embeddable":true,"href":"https:\/\/www.vereinigte-kalkwerke.de\/index.php?rest_route=\/wp\/v2\/users\/2"}],"replies":[{"embeddable":true,"href":"https:\/\/www.vereinigte-kalkwerke.de\/index.php?rest_route=%2Fwp%2Fv2%2Fcomments&post=1160"}],"version-history":[{"count":9,"href":"https:\/\/www.vereinigte-kalkwerke.de\/index.php?rest_route=\/wp\/v2\/pages\/1160\/revisions"}],"predecessor-version":[{"id":2142,"href":"https:\/\/www.vereinigte-kalkwerke.de\/index.php?rest_route=\/wp\/v2\/pages\/1160\/revisions\/2142"}],"up":[{"embeddable":true,"href":"https:\/\/www.vereinigte-kalkwerke.de\/index.php?rest_route=\/wp\/v2\/pages\/852"}],"wp:attachment":[{"href":"https:\/\/www.vereinigte-kalkwerke.de\/index.php?rest_route=%2Fwp%2Fv2%2Fmedia&parent=1160"}],"curies":[{"name":"wp","href":"https:\/\/api.w.org\/{rel}","templated":true}]}}