{"id":1422,"date":"2018-02-28T16:10:33","date_gmt":"2018-02-28T14:10:33","guid":{"rendered":"http:\/\/www.vereinigte-kalkwerke.de\/?p=1422"},"modified":"2020-11-13T17:18:21","modified_gmt":"2020-11-13T15:18:21","slug":"rollmopsessen-und-geburtstagsfeiern-im-cheers","status":"publish","type":"page","link":"https:\/\/www.vereinigte-kalkwerke.de\/?page_id=1422","title":{"rendered":"Rollmopsessen und Geburtstagsfeiern im Cheers 2018"},"content":{"rendered":"<p>Wie schon&nbsp;in den&nbsp;letzten Jahren trafen sich die Stammtischfreunde der VKW auch diesen Aschermittwoch zum Rollmopsessen in der Arnsberger Gastst\u00e4tte \u201eCheers\u201c am Alten Markt. Die Wirtin Bianca servierte neben den obligatorischen Rollm\u00f6psen auch noch Bratheringe, Sahneheringe, Matjes und Makrelen.<\/p>\n<p>Gleichzeitig konnten in diesem Jahr auf die Geburtstage von Dr. Hans-Martin Busch, Werner B\u00fchner und Theo Wienhues angesto\u00dfen werden.<\/p>\n<p>Dies f\u00fchrte nat\u00fcrlich zu einem sch\u00f6nen und lebhaften Abend, wie die folgenden Bilder zeigen.<\/p>\n\n\n<figure class=\"wp-block-gallery columns-3 is-cropped\"><ul class=\"blocks-gallery-grid\"><li class=\"blocks-gallery-item\"><figure><a href=\"https:\/\/www.vereinigte-kalkwerke.de\/wp-content\/uploads\/2018\/02\/IMG_20180214_200909.jpg\"><img loading=\"lazy\" width=\"300\" height=\"225\" src=\"https:\/\/www.vereinigte-kalkwerke.de\/wp-content\/uploads\/2018\/02\/IMG_20180214_200909-300x225.jpg\" alt=\"\" data-id=\"1438\" data-full-url=\"https:\/\/www.vereinigte-kalkwerke.de\/wp-content\/uploads\/2018\/02\/IMG_20180214_200909.jpg\" data-link=\"https:\/\/www.vereinigte-kalkwerke.de\/?attachment_id=1438\" class=\"wp-image-1438\" srcset=\"https:\/\/www.vereinigte-kalkwerke.de\/wp-content\/uploads\/2018\/02\/IMG_20180214_200909-300x225.jpg 300w, https:\/\/www.vereinigte-kalkwerke.de\/wp-content\/uploads\/2018\/02\/IMG_20180214_200909-768x576.jpg 768w, https:\/\/www.vereinigte-kalkwerke.de\/wp-content\/uploads\/2018\/02\/IMG_20180214_200909-1024x768.jpg 1024w\" sizes=\"(max-width: 300px) 100vw, 300px\" \/><\/a><figcaption class=\"blocks-gallery-item__caption\">Cheers 2018<\/figcaption><\/figure><\/li><li class=\"blocks-gallery-item\"><figure><a href=\"https:\/\/www.vereinigte-kalkwerke.de\/wp-content\/uploads\/2018\/02\/IMG_20180214_193013-Kopie.jpg\"><img loading=\"lazy\" width=\"300\" height=\"225\" src=\"https:\/\/www.vereinigte-kalkwerke.de\/wp-content\/uploads\/2018\/02\/IMG_20180214_193013-Kopie-300x225.jpg\" alt=\"\" data-id=\"1435\" data-full-url=\"https:\/\/www.vereinigte-kalkwerke.de\/wp-content\/uploads\/2018\/02\/IMG_20180214_193013-Kopie.jpg\" data-link=\"https:\/\/www.vereinigte-kalkwerke.de\/?attachment_id=1435\" class=\"wp-image-1435\" srcset=\"https:\/\/www.vereinigte-kalkwerke.de\/wp-content\/uploads\/2018\/02\/IMG_20180214_193013-Kopie-300x225.jpg 300w, https:\/\/www.vereinigte-kalkwerke.de\/wp-content\/uploads\/2018\/02\/IMG_20180214_193013-Kopie-768x576.jpg 768w, https:\/\/www.vereinigte-kalkwerke.de\/wp-content\/uploads\/2018\/02\/IMG_20180214_193013-Kopie-1024x768.jpg 1024w\" sizes=\"(max-width: 300px) 100vw, 300px\" \/><\/a><figcaption class=\"blocks-gallery-item__caption\">Cheers 2018<\/figcaption><\/figure><\/li><li class=\"blocks-gallery-item\"><figure><a href=\"https:\/\/www.vereinigte-kalkwerke.de\/wp-content\/uploads\/2018\/02\/IMG_20180214_192919-Kopie.jpg\"><img loading=\"lazy\" width=\"300\" height=\"225\" src=\"https:\/\/www.vereinigte-kalkwerke.de\/wp-content\/uploads\/2018\/02\/IMG_20180214_192919-Kopie-300x225.jpg\" alt=\"\" data-id=\"1433\" data-full-url=\"https:\/\/www.vereinigte-kalkwerke.de\/wp-content\/uploads\/2018\/02\/IMG_20180214_192919-Kopie.jpg\" data-link=\"https:\/\/www.vereinigte-kalkwerke.de\/?attachment_id=1433\" class=\"wp-image-1433\" srcset=\"https:\/\/www.vereinigte-kalkwerke.de\/wp-content\/uploads\/2018\/02\/IMG_20180214_192919-Kopie-300x225.jpg 300w, https:\/\/www.vereinigte-kalkwerke.de\/wp-content\/uploads\/2018\/02\/IMG_20180214_192919-Kopie-768x576.jpg 768w, https:\/\/www.vereinigte-kalkwerke.de\/wp-content\/uploads\/2018\/02\/IMG_20180214_192919-Kopie-1024x768.jpg 1024w\" sizes=\"(max-width: 300px) 100vw, 300px\" \/><\/a><figcaption class=\"blocks-gallery-item__caption\">Cheers 2018<\/figcaption><\/figure><\/li><li class=\"blocks-gallery-item\"><figure><a href=\"https:\/\/www.vereinigte-kalkwerke.de\/wp-content\/uploads\/2018\/02\/IMG_20180214_185506-Kopie.jpg\"><img loading=\"lazy\" width=\"300\" height=\"225\" src=\"https:\/\/www.vereinigte-kalkwerke.de\/wp-content\/uploads\/2018\/02\/IMG_20180214_185506-Kopie-300x225.jpg\" alt=\"\" data-id=\"1431\" data-full-url=\"https:\/\/www.vereinigte-kalkwerke.de\/wp-content\/uploads\/2018\/02\/IMG_20180214_185506-Kopie.jpg\" data-link=\"https:\/\/www.vereinigte-kalkwerke.de\/?attachment_id=1431\" class=\"wp-image-1431\" srcset=\"https:\/\/www.vereinigte-kalkwerke.de\/wp-content\/uploads\/2018\/02\/IMG_20180214_185506-Kopie-300x225.jpg 300w, https:\/\/www.vereinigte-kalkwerke.de\/wp-content\/uploads\/2018\/02\/IMG_20180214_185506-Kopie-768x576.jpg 768w, https:\/\/www.vereinigte-kalkwerke.de\/wp-content\/uploads\/2018\/02\/IMG_20180214_185506-Kopie-1024x768.jpg 1024w\" sizes=\"(max-width: 300px) 100vw, 300px\" \/><\/a><figcaption class=\"blocks-gallery-item__caption\">Cheers 2018<\/figcaption><\/figure><\/li><li class=\"blocks-gallery-item\"><figure><a href=\"https:\/\/www.vereinigte-kalkwerke.de\/wp-content\/uploads\/2018\/02\/IMG_20180214_183732.jpg\"><img loading=\"lazy\" width=\"300\" height=\"225\" src=\"https:\/\/www.vereinigte-kalkwerke.de\/wp-content\/uploads\/2018\/02\/IMG_20180214_183732-300x225.jpg\" alt=\"\" data-id=\"1429\" data-full-url=\"https:\/\/www.vereinigte-kalkwerke.de\/wp-content\/uploads\/2018\/02\/IMG_20180214_183732.jpg\" data-link=\"https:\/\/www.vereinigte-kalkwerke.de\/?attachment_id=1429\" class=\"wp-image-1429\" srcset=\"https:\/\/www.vereinigte-kalkwerke.de\/wp-content\/uploads\/2018\/02\/IMG_20180214_183732-300x225.jpg 300w, https:\/\/www.vereinigte-kalkwerke.de\/wp-content\/uploads\/2018\/02\/IMG_20180214_183732-768x576.jpg 768w, https:\/\/www.vereinigte-kalkwerke.de\/wp-content\/uploads\/2018\/02\/IMG_20180214_183732-1024x768.jpg 1024w\" sizes=\"(max-width: 300px) 100vw, 300px\" \/><\/a><figcaption class=\"blocks-gallery-item__caption\">Cheers 2018<\/figcaption><\/figure><\/li><li class=\"blocks-gallery-item\"><figure><a href=\"https:\/\/www.vereinigte-kalkwerke.de\/wp-content\/uploads\/2018\/02\/IMG_20180214_183720.jpg\"><img loading=\"lazy\" width=\"300\" height=\"225\" src=\"https:\/\/www.vereinigte-kalkwerke.de\/wp-content\/uploads\/2018\/02\/IMG_20180214_183720-300x225.jpg\" alt=\"\" data-id=\"1426\" data-full-url=\"https:\/\/www.vereinigte-kalkwerke.de\/wp-content\/uploads\/2018\/02\/IMG_20180214_183720.jpg\" data-link=\"https:\/\/www.vereinigte-kalkwerke.de\/?attachment_id=1426\" class=\"wp-image-1426\" srcset=\"https:\/\/www.vereinigte-kalkwerke.de\/wp-content\/uploads\/2018\/02\/IMG_20180214_183720-300x225.jpg 300w, https:\/\/www.vereinigte-kalkwerke.de\/wp-content\/uploads\/2018\/02\/IMG_20180214_183720-768x576.jpg 768w, https:\/\/www.vereinigte-kalkwerke.de\/wp-content\/uploads\/2018\/02\/IMG_20180214_183720-1024x768.jpg 1024w\" sizes=\"(max-width: 300px) 100vw, 300px\" \/><\/a><figcaption class=\"blocks-gallery-item__caption\">Cheers 2018<\/figcaption><\/figure><\/li><\/ul><\/figure>\n","protected":false},"excerpt":{"rendered":"<p>Wie schon&nbsp;in den&nbsp;letzten Jahren trafen sich die Stammtischfreunde der VKW auch diesen Aschermittwoch zum Rollmopsessen in der Arnsberger Gastst\u00e4tte \u201eCheers\u201c am Alten Markt. Die Wirtin Bianca servierte neben den obligatorischen Rollm\u00f6psen auch noch Bratheringe, Sahneheringe, Matjes und Makrelen. Gleichzeitig konnten in diesem Jahr auf die Geburtstage von Dr. Hans-Martin Busch, Werner B\u00fchner und Theo Wienhues &hellip; <a class=\"read-excerpt\" href=\"https:\/\/www.vereinigte-kalkwerke.de\/?page_id=1422\">Weiterlesen <span class=\"meta-nav\">&raquo;<\/span><\/a><\/p>\n","protected":false},"author":2,"featured_media":0,"parent":2078,"menu_order":3,"comment_status":"open","ping_status":"open","template":"","meta":[],"_links":{"self":[{"href":"https:\/\/www.vereinigte-kalkwerke.de\/index.php?rest_route=\/wp\/v2\/pages\/1422"}],"collection":[{"href":"https:\/\/www.vereinigte-kalkwerke.de\/index.php?rest_route=\/wp\/v2\/pages"}],"about":[{"href":"https:\/\/www.vereinigte-kalkwerke.de\/index.php?rest_route=\/wp\/v2\/types\/page"}],"author":[{"embeddable":true,"href":"https:\/\/www.vereinigte-kalkwerke.de\/index.php?rest_route=\/wp\/v2\/users\/2"}],"replies":[{"embeddable":true,"href":"https:\/\/www.vereinigte-kalkwerke.de\/index.php?rest_route=%2Fwp%2Fv2%2Fcomments&post=1422"}],"version-history":[{"count":5,"href":"https:\/\/www.vereinigte-kalkwerke.de\/index.php?rest_route=\/wp\/v2\/pages\/1422\/revisions"}],"predecessor-version":[{"id":2159,"href":"https:\/\/www.vereinigte-kalkwerke.de\/index.php?rest_route=\/wp\/v2\/pages\/1422\/revisions\/2159"}],"up":[{"embeddable":true,"href":"https:\/\/www.vereinigte-kalkwerke.de\/index.php?rest_route=\/wp\/v2\/pages\/2078"}],"wp:attachment":[{"href":"https:\/\/www.vereinigte-kalkwerke.de\/index.php?rest_route=%2Fwp%2Fv2%2Fmedia&parent=1422"}],"curies":[{"name":"wp","href":"https:\/\/api.w.org\/{rel}","templated":true}]}}