{"id":1606,"date":"2019-01-18T13:57:30","date_gmt":"2019-01-18T11:57:30","guid":{"rendered":"http:\/\/www.vereinigte-kalkwerke.de\/?p=1606"},"modified":"2020-11-13T17:52:31","modified_gmt":"2020-11-13T15:52:31","slug":"wildschweinessen-im-stammtischlokal","status":"publish","type":"page","link":"https:\/\/www.vereinigte-kalkwerke.de\/?page_id=1606","title":{"rendered":"Wildschweinessen im Stammtischlokal 2018"},"content":{"rendered":"<p>Das traditionelle Wildschweinessen des VKW fand dieses Jahr am Mittwoch, <strong>09.12.2018<\/strong> im Stammtischlokal Ratskeller im festlich vorbereiteten Mittelraum statt. Unser Stammtischfreund Fritz B\u00f6mer stiftete auch dieses Jahr wieder das Wildschwein, das durch den K\u00fcchenchef des Ratskellers Andreas Benfer hervorragend zubereitet und durch die Wirtin Marina Benfer freundlich und liebevoll serviert wurde.<\/p>\n<p>Wie die Bilder zeigen wurde das tolle Essen durch eine Runde Pillkaller <em>(siehe \u201eUnsere Getr\u00e4nke\u201c)<\/em> abgerundet, die durch Emil K\u00e4mper auf traditionelle Weise aufgelassen wurde.<\/p>\n<p>Heinfried Lichte spendierte sp\u00e4ter noch eine Runde B\u00e4renfang, \u201e<em>weil er es einfach so sch\u00f6n findet bei den \u201eKalkwerken\u201c zu sein\u201c<\/em> und Speaker Wilhelm Geldmacher bedankte sich noch ausdr\u00fccklich bei Fritz B\u00f6mer f\u00fcr das tolle Fleisch.<\/p>\n\n\n<figure class=\"wp-block-gallery columns-3 is-cropped\"><ul class=\"blocks-gallery-grid\"><li class=\"blocks-gallery-item\"><figure><a href=\"https:\/\/www.vereinigte-kalkwerke.de\/wp-content\/uploads\/2019\/01\/IMG_0770.jpg\"><img loading=\"lazy\" width=\"1024\" height=\"768\" src=\"https:\/\/www.vereinigte-kalkwerke.de\/wp-content\/uploads\/2019\/01\/IMG_0770.jpg\" alt=\"\" data-id=\"2174\" data-full-url=\"https:\/\/www.vereinigte-kalkwerke.de\/wp-content\/uploads\/2019\/01\/IMG_0770.jpg\" data-link=\"https:\/\/www.vereinigte-kalkwerke.de\/?attachment_id=2174\" class=\"wp-image-2174\" srcset=\"https:\/\/www.vereinigte-kalkwerke.de\/wp-content\/uploads\/2019\/01\/IMG_0770.jpg 1024w, https:\/\/www.vereinigte-kalkwerke.de\/wp-content\/uploads\/2019\/01\/IMG_0770-300x225.jpg 300w, https:\/\/www.vereinigte-kalkwerke.de\/wp-content\/uploads\/2019\/01\/IMG_0770-768x576.jpg 768w\" sizes=\"(max-width: 1024px) 100vw, 1024px\" \/><\/a><figcaption class=\"blocks-gallery-item__caption\">Wildschweinessen 2018<\/figcaption><\/figure><\/li><li class=\"blocks-gallery-item\"><figure><a href=\"https:\/\/www.vereinigte-kalkwerke.de\/wp-content\/uploads\/2019\/01\/IMG_0771.jpg\"><img loading=\"lazy\" width=\"1024\" height=\"768\" src=\"https:\/\/www.vereinigte-kalkwerke.de\/wp-content\/uploads\/2019\/01\/IMG_0771.jpg\" alt=\"\" data-id=\"2175\" data-full-url=\"https:\/\/www.vereinigte-kalkwerke.de\/wp-content\/uploads\/2019\/01\/IMG_0771.jpg\" data-link=\"https:\/\/www.vereinigte-kalkwerke.de\/?attachment_id=2175\" class=\"wp-image-2175\" srcset=\"https:\/\/www.vereinigte-kalkwerke.de\/wp-content\/uploads\/2019\/01\/IMG_0771.jpg 1024w, https:\/\/www.vereinigte-kalkwerke.de\/wp-content\/uploads\/2019\/01\/IMG_0771-300x225.jpg 300w, https:\/\/www.vereinigte-kalkwerke.de\/wp-content\/uploads\/2019\/01\/IMG_0771-768x576.jpg 768w\" sizes=\"(max-width: 1024px) 100vw, 1024px\" \/><\/a><\/figure><\/li><li class=\"blocks-gallery-item\"><figure><a href=\"https:\/\/www.vereinigte-kalkwerke.de\/wp-content\/uploads\/2019\/01\/IMG_0773.jpg\"><img loading=\"lazy\" width=\"1024\" height=\"768\" src=\"https:\/\/www.vereinigte-kalkwerke.de\/wp-content\/uploads\/2019\/01\/IMG_0773.jpg\" alt=\"\" data-id=\"2176\" data-full-url=\"https:\/\/www.vereinigte-kalkwerke.de\/wp-content\/uploads\/2019\/01\/IMG_0773.jpg\" data-link=\"https:\/\/www.vereinigte-kalkwerke.de\/?attachment_id=2176\" class=\"wp-image-2176\" srcset=\"https:\/\/www.vereinigte-kalkwerke.de\/wp-content\/uploads\/2019\/01\/IMG_0773.jpg 1024w, https:\/\/www.vereinigte-kalkwerke.de\/wp-content\/uploads\/2019\/01\/IMG_0773-300x225.jpg 300w, https:\/\/www.vereinigte-kalkwerke.de\/wp-content\/uploads\/2019\/01\/IMG_0773-768x576.jpg 768w\" sizes=\"(max-width: 1024px) 100vw, 1024px\" \/><\/a><\/figure><\/li><li class=\"blocks-gallery-item\"><figure><a href=\"https:\/\/www.vereinigte-kalkwerke.de\/wp-content\/uploads\/2019\/01\/IMG_0774.jpg\"><img loading=\"lazy\" width=\"1024\" height=\"768\" src=\"https:\/\/www.vereinigte-kalkwerke.de\/wp-content\/uploads\/2019\/01\/IMG_0774.jpg\" alt=\"\" data-id=\"2177\" data-full-url=\"https:\/\/www.vereinigte-kalkwerke.de\/wp-content\/uploads\/2019\/01\/IMG_0774.jpg\" data-link=\"https:\/\/www.vereinigte-kalkwerke.de\/?attachment_id=2177\" class=\"wp-image-2177\" srcset=\"https:\/\/www.vereinigte-kalkwerke.de\/wp-content\/uploads\/2019\/01\/IMG_0774.jpg 1024w, https:\/\/www.vereinigte-kalkwerke.de\/wp-content\/uploads\/2019\/01\/IMG_0774-300x225.jpg 300w, https:\/\/www.vereinigte-kalkwerke.de\/wp-content\/uploads\/2019\/01\/IMG_0774-768x576.jpg 768w\" sizes=\"(max-width: 1024px) 100vw, 1024px\" \/><\/a><\/figure><\/li><li class=\"blocks-gallery-item\"><figure><a href=\"https:\/\/www.vereinigte-kalkwerke.de\/wp-content\/uploads\/2019\/01\/IMG_0775.jpg\"><img loading=\"lazy\" width=\"1024\" height=\"768\" src=\"https:\/\/www.vereinigte-kalkwerke.de\/wp-content\/uploads\/2019\/01\/IMG_0775.jpg\" alt=\"\" data-id=\"2178\" data-full-url=\"https:\/\/www.vereinigte-kalkwerke.de\/wp-content\/uploads\/2019\/01\/IMG_0775.jpg\" data-link=\"https:\/\/www.vereinigte-kalkwerke.de\/?attachment_id=2178\" class=\"wp-image-2178\" srcset=\"https:\/\/www.vereinigte-kalkwerke.de\/wp-content\/uploads\/2019\/01\/IMG_0775.jpg 1024w, https:\/\/www.vereinigte-kalkwerke.de\/wp-content\/uploads\/2019\/01\/IMG_0775-300x225.jpg 300w, https:\/\/www.vereinigte-kalkwerke.de\/wp-content\/uploads\/2019\/01\/IMG_0775-768x576.jpg 768w\" sizes=\"(max-width: 1024px) 100vw, 1024px\" \/><\/a><\/figure><\/li><li class=\"blocks-gallery-item\"><figure><a href=\"https:\/\/www.vereinigte-kalkwerke.de\/wp-content\/uploads\/2019\/01\/IMG_0776.jpg\"><img loading=\"lazy\" width=\"1024\" height=\"768\" src=\"https:\/\/www.vereinigte-kalkwerke.de\/wp-content\/uploads\/2019\/01\/IMG_0776.jpg\" alt=\"\" data-id=\"2179\" data-full-url=\"https:\/\/www.vereinigte-kalkwerke.de\/wp-content\/uploads\/2019\/01\/IMG_0776.jpg\" data-link=\"https:\/\/www.vereinigte-kalkwerke.de\/?attachment_id=2179\" class=\"wp-image-2179\" srcset=\"https:\/\/www.vereinigte-kalkwerke.de\/wp-content\/uploads\/2019\/01\/IMG_0776.jpg 1024w, https:\/\/www.vereinigte-kalkwerke.de\/wp-content\/uploads\/2019\/01\/IMG_0776-300x225.jpg 300w, https:\/\/www.vereinigte-kalkwerke.de\/wp-content\/uploads\/2019\/01\/IMG_0776-768x576.jpg 768w\" sizes=\"(max-width: 1024px) 100vw, 1024px\" \/><\/a><\/figure><\/li><li class=\"blocks-gallery-item\"><figure><a href=\"https:\/\/www.vereinigte-kalkwerke.de\/wp-content\/uploads\/2019\/01\/IMG_0778.jpg\"><img loading=\"lazy\" width=\"1024\" height=\"768\" src=\"https:\/\/www.vereinigte-kalkwerke.de\/wp-content\/uploads\/2019\/01\/IMG_0778.jpg\" alt=\"\" data-id=\"2180\" data-full-url=\"https:\/\/www.vereinigte-kalkwerke.de\/wp-content\/uploads\/2019\/01\/IMG_0778.jpg\" data-link=\"https:\/\/www.vereinigte-kalkwerke.de\/?attachment_id=2180\" class=\"wp-image-2180\" srcset=\"https:\/\/www.vereinigte-kalkwerke.de\/wp-content\/uploads\/2019\/01\/IMG_0778.jpg 1024w, https:\/\/www.vereinigte-kalkwerke.de\/wp-content\/uploads\/2019\/01\/IMG_0778-300x225.jpg 300w, https:\/\/www.vereinigte-kalkwerke.de\/wp-content\/uploads\/2019\/01\/IMG_0778-768x576.jpg 768w\" sizes=\"(max-width: 1024px) 100vw, 1024px\" \/><\/a><\/figure><\/li><li class=\"blocks-gallery-item\"><figure><a href=\"https:\/\/www.vereinigte-kalkwerke.de\/wp-content\/uploads\/2019\/01\/IMG_0781.jpg\"><img loading=\"lazy\" width=\"1024\" height=\"768\" src=\"https:\/\/www.vereinigte-kalkwerke.de\/wp-content\/uploads\/2019\/01\/IMG_0781.jpg\" alt=\"\" data-id=\"2181\" data-full-url=\"https:\/\/www.vereinigte-kalkwerke.de\/wp-content\/uploads\/2019\/01\/IMG_0781.jpg\" data-link=\"https:\/\/www.vereinigte-kalkwerke.de\/?attachment_id=2181\" class=\"wp-image-2181\" srcset=\"https:\/\/www.vereinigte-kalkwerke.de\/wp-content\/uploads\/2019\/01\/IMG_0781.jpg 1024w, https:\/\/www.vereinigte-kalkwerke.de\/wp-content\/uploads\/2019\/01\/IMG_0781-300x225.jpg 300w, https:\/\/www.vereinigte-kalkwerke.de\/wp-content\/uploads\/2019\/01\/IMG_0781-768x576.jpg 768w\" sizes=\"(max-width: 1024px) 100vw, 1024px\" \/><\/a><\/figure><\/li><li class=\"blocks-gallery-item\"><figure><a href=\"https:\/\/www.vereinigte-kalkwerke.de\/wp-content\/uploads\/2019\/01\/IMG_0782.jpg\"><img loading=\"lazy\" width=\"1024\" height=\"768\" src=\"https:\/\/www.vereinigte-kalkwerke.de\/wp-content\/uploads\/2019\/01\/IMG_0782.jpg\" alt=\"\" data-id=\"2182\" data-full-url=\"https:\/\/www.vereinigte-kalkwerke.de\/wp-content\/uploads\/2019\/01\/IMG_0782.jpg\" data-link=\"https:\/\/www.vereinigte-kalkwerke.de\/?attachment_id=2182\" class=\"wp-image-2182\" srcset=\"https:\/\/www.vereinigte-kalkwerke.de\/wp-content\/uploads\/2019\/01\/IMG_0782.jpg 1024w, https:\/\/www.vereinigte-kalkwerke.de\/wp-content\/uploads\/2019\/01\/IMG_0782-300x225.jpg 300w, https:\/\/www.vereinigte-kalkwerke.de\/wp-content\/uploads\/2019\/01\/IMG_0782-768x576.jpg 768w\" sizes=\"(max-width: 1024px) 100vw, 1024px\" \/><\/a><\/figure><\/li><\/ul><\/figure>\n","protected":false},"excerpt":{"rendered":"<p>Das traditionelle Wildschweinessen des VKW fand dieses Jahr am Mittwoch, 09.12.2018 im Stammtischlokal Ratskeller im festlich vorbereiteten Mittelraum statt. Unser Stammtischfreund Fritz B\u00f6mer stiftete auch dieses Jahr wieder das Wildschwein, das durch den K\u00fcchenchef des Ratskellers Andreas Benfer hervorragend zubereitet und durch die Wirtin Marina Benfer freundlich und liebevoll serviert wurde. Wie die Bilder zeigen &hellip; <a class=\"read-excerpt\" href=\"https:\/\/www.vereinigte-kalkwerke.de\/?page_id=1606\">Weiterlesen <span class=\"meta-nav\">&raquo;<\/span><\/a><\/p>\n","protected":false},"author":2,"featured_media":0,"parent":852,"menu_order":5,"comment_status":"open","ping_status":"open","template":"","meta":[],"_links":{"self":[{"href":"https:\/\/www.vereinigte-kalkwerke.de\/index.php?rest_route=\/wp\/v2\/pages\/1606"}],"collection":[{"href":"https:\/\/www.vereinigte-kalkwerke.de\/index.php?rest_route=\/wp\/v2\/pages"}],"about":[{"href":"https:\/\/www.vereinigte-kalkwerke.de\/index.php?rest_route=\/wp\/v2\/types\/page"}],"author":[{"embeddable":true,"href":"https:\/\/www.vereinigte-kalkwerke.de\/index.php?rest_route=\/wp\/v2\/users\/2"}],"replies":[{"embeddable":true,"href":"https:\/\/www.vereinigte-kalkwerke.de\/index.php?rest_route=%2Fwp%2Fv2%2Fcomments&post=1606"}],"version-history":[{"count":4,"href":"https:\/\/www.vereinigte-kalkwerke.de\/index.php?rest_route=\/wp\/v2\/pages\/1606\/revisions"}],"predecessor-version":[{"id":2185,"href":"https:\/\/www.vereinigte-kalkwerke.de\/index.php?rest_route=\/wp\/v2\/pages\/1606\/revisions\/2185"}],"up":[{"embeddable":true,"href":"https:\/\/www.vereinigte-kalkwerke.de\/index.php?rest_route=\/wp\/v2\/pages\/852"}],"wp:attachment":[{"href":"https:\/\/www.vereinigte-kalkwerke.de\/index.php?rest_route=%2Fwp%2Fv2%2Fmedia&parent=1606"}],"curies":[{"name":"wp","href":"https:\/\/api.w.org\/{rel}","templated":true}]}}