{"id":1726,"date":"2019-09-05T15:07:39","date_gmt":"2019-09-05T13:07:39","guid":{"rendered":"http:\/\/www.vereinigte-kalkwerke.de\/?p=1726"},"modified":"2020-11-11T17:16:07","modified_gmt":"2020-11-11T15:16:07","slug":"sommerfest-der-vkw-bei-hoffmann-in-rumbeck","status":"publish","type":"page","link":"https:\/\/www.vereinigte-kalkwerke.de\/?page_id=1726","title":{"rendered":"Sommerfest 2019 der VKW bei Hoffmann in Rumbeck"},"content":{"rendered":"\n<p>Am 14.Juni 2019 fand bei herrlichem Wetter das diesj\u00e4hrige Sommerfest der VKW im Landgasthof Hoffmann in Rumbeck statt. Ein tolles Buffet, frische Getr\u00e4nke und Live- Musik von den Mitgliedern Rolf und Burkhard, unterst\u00fctzt von Doro Schulte-Hobein, sorgten f\u00fcr einen stimmungsvollen Abend.<br><br><\/p>\n\n\n\n<figure class=\"wp-block-gallery aligncenter columns-3 is-cropped\"><ul class=\"blocks-gallery-grid\"><li class=\"blocks-gallery-item\"><figure><a href=\"https:\/\/www.vereinigte-kalkwerke.de\/wp-content\/uploads\/2019\/09\/W_IMG_0395-1024x768.jpg\"><img loading=\"lazy\" width=\"1024\" height=\"768\" src=\"https:\/\/www.vereinigte-kalkwerke.de\/wp-content\/uploads\/2019\/09\/W_IMG_0395-1024x768.jpg\" alt=\"\" data-id=\"1733\" data-link=\"https:\/\/www.vereinigte-kalkwerke.de\/?attachment_id=1733\" class=\"wp-image-1733\" srcset=\"https:\/\/www.vereinigte-kalkwerke.de\/wp-content\/uploads\/2019\/09\/W_IMG_0395.jpg 1024w, https:\/\/www.vereinigte-kalkwerke.de\/wp-content\/uploads\/2019\/09\/W_IMG_0395-300x225.jpg 300w, https:\/\/www.vereinigte-kalkwerke.de\/wp-content\/uploads\/2019\/09\/W_IMG_0395-768x576.jpg 768w\" sizes=\"(max-width: 1024px) 100vw, 1024px\" \/><\/a><\/figure><\/li><li class=\"blocks-gallery-item\"><figure><a href=\"https:\/\/www.vereinigte-kalkwerke.de\/wp-content\/uploads\/2019\/09\/W_IMG_0381-1024x768.jpg\"><img loading=\"lazy\" width=\"1024\" height=\"768\" src=\"https:\/\/www.vereinigte-kalkwerke.de\/wp-content\/uploads\/2019\/09\/W_IMG_0381-1024x768.jpg\" alt=\"\" data-id=\"1727\" data-link=\"https:\/\/www.vereinigte-kalkwerke.de\/?attachment_id=1727\" class=\"wp-image-1727\" srcset=\"https:\/\/www.vereinigte-kalkwerke.de\/wp-content\/uploads\/2019\/09\/W_IMG_0381.jpg 1024w, https:\/\/www.vereinigte-kalkwerke.de\/wp-content\/uploads\/2019\/09\/W_IMG_0381-300x225.jpg 300w, https:\/\/www.vereinigte-kalkwerke.de\/wp-content\/uploads\/2019\/09\/W_IMG_0381-768x576.jpg 768w\" sizes=\"(max-width: 1024px) 100vw, 1024px\" \/><\/a><\/figure><\/li><li class=\"blocks-gallery-item\"><figure><a href=\"https:\/\/www.vereinigte-kalkwerke.de\/wp-content\/uploads\/2019\/09\/W_IMG_0383-1024x768.jpg\"><img loading=\"lazy\" width=\"1024\" height=\"768\" src=\"https:\/\/www.vereinigte-kalkwerke.de\/wp-content\/uploads\/2019\/09\/W_IMG_0383-1024x768.jpg\" alt=\"\" data-id=\"1728\" data-link=\"https:\/\/www.vereinigte-kalkwerke.de\/?attachment_id=1728\" class=\"wp-image-1728\" srcset=\"https:\/\/www.vereinigte-kalkwerke.de\/wp-content\/uploads\/2019\/09\/W_IMG_0383.jpg 1024w, https:\/\/www.vereinigte-kalkwerke.de\/wp-content\/uploads\/2019\/09\/W_IMG_0383-300x225.jpg 300w, https:\/\/www.vereinigte-kalkwerke.de\/wp-content\/uploads\/2019\/09\/W_IMG_0383-768x576.jpg 768w\" sizes=\"(max-width: 1024px) 100vw, 1024px\" \/><\/a><\/figure><\/li><li class=\"blocks-gallery-item\"><figure><a href=\"https:\/\/www.vereinigte-kalkwerke.de\/wp-content\/uploads\/2019\/09\/W_IMG_0397-1024x768.jpg\"><img loading=\"lazy\" width=\"1024\" height=\"768\" src=\"https:\/\/www.vereinigte-kalkwerke.de\/wp-content\/uploads\/2019\/09\/W_IMG_0397-1024x768.jpg\" alt=\"\" data-id=\"1734\" data-link=\"https:\/\/www.vereinigte-kalkwerke.de\/?attachment_id=1734\" class=\"wp-image-1734\" srcset=\"https:\/\/www.vereinigte-kalkwerke.de\/wp-content\/uploads\/2019\/09\/W_IMG_0397.jpg 1024w, https:\/\/www.vereinigte-kalkwerke.de\/wp-content\/uploads\/2019\/09\/W_IMG_0397-300x225.jpg 300w, https:\/\/www.vereinigte-kalkwerke.de\/wp-content\/uploads\/2019\/09\/W_IMG_0397-768x576.jpg 768w\" sizes=\"(max-width: 1024px) 100vw, 1024px\" \/><\/a><\/figure><\/li><li class=\"blocks-gallery-item\"><figure><a href=\"https:\/\/www.vereinigte-kalkwerke.de\/wp-content\/uploads\/2019\/09\/W_IMG_0400-1024x768.jpg\"><img loading=\"lazy\" width=\"1024\" height=\"768\" src=\"https:\/\/www.vereinigte-kalkwerke.de\/wp-content\/uploads\/2019\/09\/W_IMG_0400-1024x768.jpg\" alt=\"\" data-id=\"1736\" data-link=\"https:\/\/www.vereinigte-kalkwerke.de\/?attachment_id=1736\" class=\"wp-image-1736\" srcset=\"https:\/\/www.vereinigte-kalkwerke.de\/wp-content\/uploads\/2019\/09\/W_IMG_0400.jpg 1024w, https:\/\/www.vereinigte-kalkwerke.de\/wp-content\/uploads\/2019\/09\/W_IMG_0400-300x225.jpg 300w, https:\/\/www.vereinigte-kalkwerke.de\/wp-content\/uploads\/2019\/09\/W_IMG_0400-768x576.jpg 768w\" sizes=\"(max-width: 1024px) 100vw, 1024px\" \/><\/a><\/figure><\/li><li class=\"blocks-gallery-item\"><figure><a href=\"https:\/\/www.vereinigte-kalkwerke.de\/wp-content\/uploads\/2019\/09\/W_IMG_0403-1024x768.jpg\"><img loading=\"lazy\" width=\"1024\" height=\"768\" src=\"https:\/\/www.vereinigte-kalkwerke.de\/wp-content\/uploads\/2019\/09\/W_IMG_0403-1024x768.jpg\" alt=\"\" data-id=\"1739\" data-link=\"https:\/\/www.vereinigte-kalkwerke.de\/?attachment_id=1739\" class=\"wp-image-1739\" srcset=\"https:\/\/www.vereinigte-kalkwerke.de\/wp-content\/uploads\/2019\/09\/W_IMG_0403.jpg 1024w, https:\/\/www.vereinigte-kalkwerke.de\/wp-content\/uploads\/2019\/09\/W_IMG_0403-300x225.jpg 300w, https:\/\/www.vereinigte-kalkwerke.de\/wp-content\/uploads\/2019\/09\/W_IMG_0403-768x576.jpg 768w\" sizes=\"(max-width: 1024px) 100vw, 1024px\" \/><\/a><\/figure><\/li><li class=\"blocks-gallery-item\"><figure><a href=\"https:\/\/www.vereinigte-kalkwerke.de\/wp-content\/uploads\/2019\/09\/W_IMG_0404-1024x768.jpg\"><img loading=\"lazy\" width=\"1024\" height=\"768\" src=\"https:\/\/www.vereinigte-kalkwerke.de\/wp-content\/uploads\/2019\/09\/W_IMG_0404-1024x768.jpg\" alt=\"\" data-id=\"1740\" data-link=\"https:\/\/www.vereinigte-kalkwerke.de\/?attachment_id=1740\" class=\"wp-image-1740\" srcset=\"https:\/\/www.vereinigte-kalkwerke.de\/wp-content\/uploads\/2019\/09\/W_IMG_0404.jpg 1024w, https:\/\/www.vereinigte-kalkwerke.de\/wp-content\/uploads\/2019\/09\/W_IMG_0404-300x225.jpg 300w, https:\/\/www.vereinigte-kalkwerke.de\/wp-content\/uploads\/2019\/09\/W_IMG_0404-768x576.jpg 768w\" sizes=\"(max-width: 1024px) 100vw, 1024px\" \/><\/a><\/figure><\/li><li class=\"blocks-gallery-item\"><figure><a href=\"https:\/\/www.vereinigte-kalkwerke.de\/wp-content\/uploads\/2019\/09\/W_IMG_0405-1024x768.jpg\"><img loading=\"lazy\" width=\"1024\" height=\"768\" src=\"https:\/\/www.vereinigte-kalkwerke.de\/wp-content\/uploads\/2019\/09\/W_IMG_0405-1024x768.jpg\" alt=\"\" data-id=\"1741\" data-link=\"https:\/\/www.vereinigte-kalkwerke.de\/?attachment_id=1741\" class=\"wp-image-1741\" srcset=\"https:\/\/www.vereinigte-kalkwerke.de\/wp-content\/uploads\/2019\/09\/W_IMG_0405.jpg 1024w, https:\/\/www.vereinigte-kalkwerke.de\/wp-content\/uploads\/2019\/09\/W_IMG_0405-300x225.jpg 300w, https:\/\/www.vereinigte-kalkwerke.de\/wp-content\/uploads\/2019\/09\/W_IMG_0405-768x576.jpg 768w\" sizes=\"(max-width: 1024px) 100vw, 1024px\" \/><\/a><\/figure><\/li><li class=\"blocks-gallery-item\"><figure><a href=\"https:\/\/www.vereinigte-kalkwerke.de\/wp-content\/uploads\/2019\/09\/W_IMG_0406-1024x768.jpg\"><img loading=\"lazy\" width=\"1024\" height=\"768\" src=\"https:\/\/www.vereinigte-kalkwerke.de\/wp-content\/uploads\/2019\/09\/W_IMG_0406-1024x768.jpg\" alt=\"\" data-id=\"1742\" data-link=\"https:\/\/www.vereinigte-kalkwerke.de\/?attachment_id=1742\" class=\"wp-image-1742\" srcset=\"https:\/\/www.vereinigte-kalkwerke.de\/wp-content\/uploads\/2019\/09\/W_IMG_0406.jpg 1024w, https:\/\/www.vereinigte-kalkwerke.de\/wp-content\/uploads\/2019\/09\/W_IMG_0406-300x225.jpg 300w, https:\/\/www.vereinigte-kalkwerke.de\/wp-content\/uploads\/2019\/09\/W_IMG_0406-768x576.jpg 768w\" sizes=\"(max-width: 1024px) 100vw, 1024px\" \/><\/a><\/figure><\/li><li class=\"blocks-gallery-item\"><figure><a href=\"https:\/\/www.vereinigte-kalkwerke.de\/wp-content\/uploads\/2019\/09\/W_IMG_0410-1024x575.jpg\"><img loading=\"lazy\" width=\"1024\" height=\"575\" src=\"https:\/\/www.vereinigte-kalkwerke.de\/wp-content\/uploads\/2019\/09\/W_IMG_0410-1024x575.jpg\" alt=\"\" data-id=\"1744\" data-link=\"https:\/\/www.vereinigte-kalkwerke.de\/?attachment_id=1744\" class=\"wp-image-1744\" srcset=\"https:\/\/www.vereinigte-kalkwerke.de\/wp-content\/uploads\/2019\/09\/W_IMG_0410.jpg 1024w, https:\/\/www.vereinigte-kalkwerke.de\/wp-content\/uploads\/2019\/09\/W_IMG_0410-300x168.jpg 300w, https:\/\/www.vereinigte-kalkwerke.de\/wp-content\/uploads\/2019\/09\/W_IMG_0410-768x431.jpg 768w\" sizes=\"(max-width: 1024px) 100vw, 1024px\" \/><\/a><\/figure><\/li><li class=\"blocks-gallery-item\"><figure><a href=\"https:\/\/www.vereinigte-kalkwerke.de\/wp-content\/uploads\/2019\/09\/W-IMG_0380-1024x768.jpg\"><img loading=\"lazy\" width=\"1024\" height=\"768\" src=\"https:\/\/www.vereinigte-kalkwerke.de\/wp-content\/uploads\/2019\/09\/W-IMG_0380-1024x768.jpg\" alt=\"\" data-id=\"1745\" data-link=\"https:\/\/www.vereinigte-kalkwerke.de\/?attachment_id=1745\" class=\"wp-image-1745\" srcset=\"https:\/\/www.vereinigte-kalkwerke.de\/wp-content\/uploads\/2019\/09\/W-IMG_0380.jpg 1024w, https:\/\/www.vereinigte-kalkwerke.de\/wp-content\/uploads\/2019\/09\/W-IMG_0380-300x225.jpg 300w, https:\/\/www.vereinigte-kalkwerke.de\/wp-content\/uploads\/2019\/09\/W-IMG_0380-768x576.jpg 768w\" sizes=\"(max-width: 1024px) 100vw, 1024px\" \/><\/a><\/figure><\/li><li class=\"blocks-gallery-item\"><figure><a href=\"https:\/\/www.vereinigte-kalkwerke.de\/wp-content\/uploads\/2019\/09\/W-IMG_0382-1024x768.jpg\"><img loading=\"lazy\" width=\"1024\" height=\"768\" src=\"https:\/\/www.vereinigte-kalkwerke.de\/wp-content\/uploads\/2019\/09\/W-IMG_0382-1024x768.jpg\" alt=\"\" data-id=\"1746\" data-link=\"https:\/\/www.vereinigte-kalkwerke.de\/?attachment_id=1746\" class=\"wp-image-1746\" srcset=\"https:\/\/www.vereinigte-kalkwerke.de\/wp-content\/uploads\/2019\/09\/W-IMG_0382.jpg 1024w, https:\/\/www.vereinigte-kalkwerke.de\/wp-content\/uploads\/2019\/09\/W-IMG_0382-300x225.jpg 300w, https:\/\/www.vereinigte-kalkwerke.de\/wp-content\/uploads\/2019\/09\/W-IMG_0382-768x576.jpg 768w\" sizes=\"(max-width: 1024px) 100vw, 1024px\" \/><\/a><\/figure><\/li><\/ul><\/figure>\n","protected":false},"excerpt":{"rendered":"<p>Am 14.Juni 2019 fand bei herrlichem Wetter das diesj\u00e4hrige Sommerfest der VKW im Landgasthof Hoffmann in Rumbeck statt. Ein tolles Buffet, frische Getr\u00e4nke und Live- Musik von den Mitgliedern Rolf und Burkhard, unterst\u00fctzt von Doro Schulte-Hobein, sorgten f\u00fcr einen stimmungsvollen Abend.<\/p>\n","protected":false},"author":2,"featured_media":0,"parent":850,"menu_order":7,"comment_status":"open","ping_status":"open","template":"","meta":[],"_links":{"self":[{"href":"https:\/\/www.vereinigte-kalkwerke.de\/index.php?rest_route=\/wp\/v2\/pages\/1726"}],"collection":[{"href":"https:\/\/www.vereinigte-kalkwerke.de\/index.php?rest_route=\/wp\/v2\/pages"}],"about":[{"href":"https:\/\/www.vereinigte-kalkwerke.de\/index.php?rest_route=\/wp\/v2\/types\/page"}],"author":[{"embeddable":true,"href":"https:\/\/www.vereinigte-kalkwerke.de\/index.php?rest_route=\/wp\/v2\/users\/2"}],"replies":[{"embeddable":true,"href":"https:\/\/www.vereinigte-kalkwerke.de\/index.php?rest_route=%2Fwp%2Fv2%2Fcomments&post=1726"}],"version-history":[{"count":5,"href":"https:\/\/www.vereinigte-kalkwerke.de\/index.php?rest_route=\/wp\/v2\/pages\/1726\/revisions"}],"predecessor-version":[{"id":2011,"href":"https:\/\/www.vereinigte-kalkwerke.de\/index.php?rest_route=\/wp\/v2\/pages\/1726\/revisions\/2011"}],"up":[{"embeddable":true,"href":"https:\/\/www.vereinigte-kalkwerke.de\/index.php?rest_route=\/wp\/v2\/pages\/850"}],"wp:attachment":[{"href":"https:\/\/www.vereinigte-kalkwerke.de\/index.php?rest_route=%2Fwp%2Fv2%2Fmedia&parent=1726"}],"curies":[{"name":"wp","href":"https:\/\/api.w.org\/{rel}","templated":true}]}}