{"id":2,"date":"2013-05-18T19:23:37","date_gmt":"2013-05-18T19:23:37","guid":{"rendered":"http:\/\/www.vereinigte-kalkwerke.de\/test\/?page_id=2"},"modified":"2017-01-23T15:29:54","modified_gmt":"2017-01-23T13:29:54","slug":"beispiel-seite","status":"publish","type":"page","link":"https:\/\/www.vereinigte-kalkwerke.de\/?page_id=2","title":{"rendered":"Wir \u00fcber uns"},"content":{"rendered":"<p class=\"MsoNormal\"><span style=\"mso-fareast-font-family: 'Times New Roman';\">Die Gr\u00fcndung geht auf das Jahr 1897 zur\u00fcck. Zuerst firmierte der Stammtisch unter dem Namen &#8220; Kasino Gesellschaft&#8220;. Diese tagte im heutigen Geb\u00e4ude des Amtes f\u00fcr Agrarordnung am Neumarkt. Dann, auf jeden Fall vor 1939, Umzug in das Hotel zur Krone in der Apothekenstrasse (Inhaber Familie Reiter). Das Hotel wurde nach dem Tod des Herrn Reiter an den HSK verkauft und zur Musikschule umgebaut. Der alte &#8222;Stammtisch&#8220; unseres Vereines befindet sich noch heute in diesem Geb\u00e4ude. Wegen der Erkrankung des Herrn Reiter sind wir 1989 in den Ratskeller zu Hermann Rath umgezogen, wo wir uns weiter jeden Mittwoch von 18 Uhr bis 20 Uhr 30 offiziell, aber h\u00e4ufig auch l\u00e4nger, treffen.\u00a0<em>(weitere Informationen siehe Festschriften)<\/em><\/span><\/p>\n<p><b>Voraussetzungen f\u00fcr die Aufnahme als Mitglied:<\/b><\/p>\n<ol start=\"1\" type=\"1\">\n<li class=\"MsoNormal\" style=\"mso-margin-top-alt: auto; mso-margin-bottom-alt: auto; mso-list: l0 level1 lfo1; tab-stops: list 36.0pt;\"><span style=\"mso-fareast-font-family: 'Times New Roman';\">alle Mitglieder m\u00fcssen sich einverstanden erkl\u00e4ren<\/span><\/li>\n<li class=\"MsoNormal\" style=\"mso-margin-top-alt: auto; mso-margin-bottom-alt: auto; mso-list: l0 level1 lfo1; tab-stops: list 36.0pt;\"><span style=\"mso-fareast-font-family: 'Times New Roman';\">Der Aufnahmekandidat muss mindestens 3x zur Vorstellung erscheinen<\/span><\/li>\n<li class=\"MsoNormal\" style=\"mso-margin-top-alt: auto; mso-margin-bottom-alt: auto; mso-list: l0 level1 lfo1; tab-stops: list 36.0pt;\"><span style=\"mso-fareast-font-family: 'Times New Roman';\">dann ist nach interner Abstimmung die Aufnahme m\u00f6glich.<\/span><\/li>\n<\/ol>\n<p class=\"MsoNormal\"><b><span style=\"mso-fareast-font-family: 'Times New Roman';\">Verpflichtungen: <\/span><\/b><\/p>\n<ol start=\"1\" type=\"1\">\n<li class=\"MsoNormal\" style=\"mso-margin-top-alt: auto; mso-margin-bottom-alt: auto; mso-list: l2 level1 lfo2; tab-stops: list 36.0pt;\"><span style=\"mso-fareast-font-family: 'Times New Roman';\">m\u00f6glichst regelm\u00e4\u00dfiges Erscheinen<\/span><\/li>\n<li class=\"MsoNormal\" style=\"mso-margin-top-alt: auto; mso-margin-bottom-alt: auto; mso-list: l2 level1 lfo2; tab-stops: list 36.0pt;\"><span style=\"mso-fareast-font-family: 'Times New Roman';\">bei mehr als 7 Tagen Urlaubsabwesenheit muss eine Postkarte an den Stammtisch geschickt werden<\/span><\/li>\n<li class=\"MsoNormal\" style=\"mso-margin-top-alt: auto; mso-margin-bottom-alt: auto; mso-list: l2 level1 lfo2; tab-stops: list 36.0pt;\"><span style=\"mso-fareast-font-family: 'Times New Roman';\">Tragen des Vereinszeichens zu jedem Stammtischtreffen<\/span><\/li>\n<li class=\"MsoNormal\" style=\"mso-margin-top-alt: auto; mso-margin-bottom-alt: auto; mso-list: l2 level1 lfo2; tab-stops: list 36.0pt;\"><span style=\"mso-fareast-font-family: 'Times New Roman';\">jeden Mittwoch Spende in die VKW-Spardose<\/span><\/li>\n<li class=\"MsoNormal\" style=\"mso-margin-top-alt: auto; mso-margin-bottom-alt: auto; mso-list: l2 level1 lfo2; tab-stops: list 36.0pt;\"><span style=\"mso-fareast-font-family: 'Times New Roman';\">sich an unterschiedlichen Stammtisch-Wetten beteiligen<\/span><\/li>\n<li class=\"MsoNormal\" style=\"mso-margin-top-alt: auto; mso-margin-bottom-alt: auto; mso-list: l2 level1 lfo2; tab-stops: list 36.0pt;\"><i><span style=\"text-decoration: underline;\"><span style=\"mso-fareast-font-family: 'Times New Roman';\">Getr\u00e4nkerunden geben: <\/span><\/span><\/i><\/li>\n<\/ol>\n<ul type=\"disc\">\n<li class=\"MsoNormal\" style=\"mso-margin-top-alt: auto; mso-margin-bottom-alt: auto; mso-list: l1 level1 lfo3; tab-stops: list 36.0pt;\"><span style=\"mso-fareast-font-family: 'Times New Roman';\">bei eigenem Geburtstag <\/span><\/li>\n<li class=\"MsoNormal\" style=\"mso-margin-top-alt: auto; mso-margin-bottom-alt: auto; mso-list: l1 level1 lfo3; tab-stops: list 36.0pt;\"><span style=\"mso-fareast-font-family: 'Times New Roman';\">zu bes. fam.Ereignissen<\/span><\/li>\n<li class=\"MsoNormal\" style=\"mso-margin-top-alt: auto; mso-margin-bottom-alt: auto; mso-list: l1 level1 lfo3; tab-stops: list 36.0pt;\"><span style=\"mso-fareast-font-family: 'Times New Roman';\">bei fehlerbehafteter Postkarte (Pr\u00fcfung erfolgt durch Stammtischmitglieder)<\/span><\/li>\n<li class=\"MsoNormal\" style=\"mso-margin-top-alt: auto; mso-margin-bottom-alt: auto; mso-list: l1 level1 lfo3; tab-stops: list 36.0pt;\"><span style=\"mso-fareast-font-family: 'Times New Roman';\">wenn 3x das Abzeichen nicht angesteckt wurde<\/span><\/li>\n<li class=\"MsoNormal\" style=\"mso-margin-top-alt: auto; mso-margin-bottom-alt: auto; mso-list: l1 level1 lfo3; tab-stops: list 36.0pt;\"><span style=\"mso-fareast-font-family: 'Times New Roman';\">wenn Wetten verloren wurden<\/span><\/li>\n<\/ul>\n<p>&nbsp;<\/p>\n<p><b>Anliegen der VKW<\/b><span style=\"text-decoration: underline;\">: <\/span><br \/>\nregelm\u00e4\u00dfiger Gedankenaustausch von M\u00e4nnern aus unterschiedlichen Berufen. Gespr\u00e4che, die von Toleranz gepr\u00e4gt sein sollen. Weitere Zielsetzungen gibt es nicht, wir spenden aber regelm\u00e4\u00dfig f\u00fcr unterschiedliche caritative Zwecke.<\/p>\n<p><b>Ansprechpartner:<br \/>\n<\/b>Wilhelm, Tel 02931-77253- FAX 939561- E-Mail <a title=\"senden\" href=\"&#109;&#x61;i&#x6c;&#x74;&#111;&#x3a;b&#114;&#x69;&#103;&#x69;t&#116;&#x65;h&#x6f;p&#112;&#x65;&#64;&#x67;&#x6d;&#120;&#x2e;d&#101;\">senden<\/a>.<br \/>\nTheo Tel 02931-3553 &#8211; Email <a href=\"&#109;&#x61;&#105;&#x6c;&#116;&#x6f;:&#x74;h&#101;&#x6f;&#46;&#x77;&#105;&#x65;n&#x68;u&#101;&#x73;&#64;&#x67;&#111;&#x6f;&#103;&#x6c;e&#x6d;a&#105;&#x6c;&#46;&#x63;&#111;&#x6d;\">senden<\/a>.<\/p>\n<p><span style=\"font-size: 12.0pt; font-family: 'Times New Roman','serif'; mso-fareast-font-family: 'Times New Roman'; color: black; mso-ansi-language: DE; mso-fareast-language: DE; mso-bidi-language: AR-SA;\">Die VKW haben zur Zeit 23 Mitglieder.<\/span><\/p>\n<p><b>Regelm\u00e4\u00dfige Veranstaltungen:<\/b><br \/>\nNeujahrsempfang mit Damen, jeweils im Januar<br \/>\nH\u00fcttenfest bei Fritz im Sommer auf der Hellefelder H\u00f6he<br \/>\nWildessen (geschossen u. gespendet von Fritz B. oder Dirk M.) im Herbst.<br \/>\nIn unregelm\u00e4\u00dfigen Abst\u00e4nden Wochenendbustouren unter der Regie von Klaus E. mit Damen.<\/p>\n<p><strong>Gemeinsames Zeichen<\/strong><\/p>\n<p>Das gemeinsame Zeichen der VKW tr\u00e4gt auf blauem Grund die silbernen Buchstaben&#8220;VKW&#8220; mit dar\u00fcber schwebender Krone in Gold. Dieses Abzeichen wird jedem\u00a0Kalkwerker nach erfolgter Aufnahme in Form einer Anstecknadel \u00fcbergeben. Nach dreimaligem nicht Anstecken der Nadel muss eine Runde gegeben werden!<\/p>\n<p><a href=\"https:\/\/www.vereinigte-kalkwerke.de\/wp-content\/uploads\/2013\/05\/IMG_0015a.jpg\"><img loading=\"lazy\" class=\"alignnone size-medium wp-image-72\" src=\"https:\/\/www.vereinigte-kalkwerke.de\/wp-content\/uploads\/2013\/05\/IMG_0015a-238x300.jpg\" alt=\"IMG_0015a\" width=\"238\" height=\"300\" srcset=\"https:\/\/www.vereinigte-kalkwerke.de\/wp-content\/uploads\/2013\/05\/IMG_0015a-238x300.jpg 238w, https:\/\/www.vereinigte-kalkwerke.de\/wp-content\/uploads\/2013\/05\/IMG_0015a.jpg 417w\" sizes=\"(max-width: 238px) 100vw, 238px\" \/><\/a><\/p>\n","protected":false},"excerpt":{"rendered":"<p>Die Gr\u00fcndung geht auf das Jahr 1897 zur\u00fcck. Zuerst firmierte der Stammtisch unter dem Namen &#8220; Kasino Gesellschaft&#8220;. Diese tagte im heutigen Geb\u00e4ude des Amtes f\u00fcr Agrarordnung am Neumarkt. Dann, auf jeden Fall vor 1939, Umzug in das Hotel zur Krone in der Apothekenstrasse (Inhaber Familie Reiter). Das Hotel wurde nach dem Tod des Herrn &hellip; <a class=\"read-excerpt\" href=\"https:\/\/www.vereinigte-kalkwerke.de\/?page_id=2\">Weiterlesen <span class=\"meta-nav\">&raquo;<\/span><\/a><\/p>\n","protected":false},"author":2,"featured_media":0,"parent":0,"menu_order":0,"comment_status":"closed","ping_status":"closed","template":"","meta":[],"_links":{"self":[{"href":"https:\/\/www.vereinigte-kalkwerke.de\/index.php?rest_route=\/wp\/v2\/pages\/2"}],"collection":[{"href":"https:\/\/www.vereinigte-kalkwerke.de\/index.php?rest_route=\/wp\/v2\/pages"}],"about":[{"href":"https:\/\/www.vereinigte-kalkwerke.de\/index.php?rest_route=\/wp\/v2\/types\/page"}],"author":[{"embeddable":true,"href":"https:\/\/www.vereinigte-kalkwerke.de\/index.php?rest_route=\/wp\/v2\/users\/2"}],"replies":[{"embeddable":true,"href":"https:\/\/www.vereinigte-kalkwerke.de\/index.php?rest_route=%2Fwp%2Fv2%2Fcomments&post=2"}],"version-history":[{"count":12,"href":"https:\/\/www.vereinigte-kalkwerke.de\/index.php?rest_route=\/wp\/v2\/pages\/2\/revisions"}],"predecessor-version":[{"id":761,"href":"https:\/\/www.vereinigte-kalkwerke.de\/index.php?rest_route=\/wp\/v2\/pages\/2\/revisions\/761"}],"wp:attachment":[{"href":"https:\/\/www.vereinigte-kalkwerke.de\/index.php?rest_route=%2Fwp%2Fv2%2Fmedia&parent=2"}],"curies":[{"name":"wp","href":"https:\/\/api.w.org\/{rel}","templated":true}]}}