{"id":669,"date":"2016-04-18T14:06:00","date_gmt":"2016-04-18T12:06:00","guid":{"rendered":"http:\/\/www.vereinigte-kalkwerke.de\/?p=669"},"modified":"2020-11-13T16:46:25","modified_gmt":"2020-11-13T14:46:25","slug":"vereinigte-kalkwerke-besuchen-deutsches-fussballmuseum","status":"publish","type":"page","link":"https:\/\/www.vereinigte-kalkwerke.de\/?page_id=669","title":{"rendered":"Vereinigte Kalkwerke besuchen Deutsches Fu\u00dfballmuseum"},"content":{"rendered":"<p>Die Vereinigten Kalkwerke planen am Mittwoch, den 11.05.2016 das Deutsche Fu\u00dfballmuseum in Dortmund zu besuchen. Abfahrt mit dem Zug ist um 15:30 Uhr am Bahnhof in Arnsberg. Die Fu\u00dfballsachverst\u00e4ndige Frau Ulrike Meyer wird die Stammtischfreunde durch die interessanten Ausstellungen des Museums f\u00fchren. Nach dem Museumsbesuch geht es dann sofort wieder mit dem Zug nach Arnsberg und ins Stammtischlokal Ratskeller. Hier wird der Abend bei sicherlich noch vielen Diskussionen seinen Ausklang finden.<\/p>\n<p>\u201eZiel des Deutschen Fu\u00dfballmuseums ist es, das Ph\u00e4nomen Fu\u00dfball und seine Faszination mitrei\u00dfend zu inszenieren. Das Haus macht emotional geladene Geschichte erlebbar und zelebriert die Freude am Fu\u00dfball. Die Leitidee und das Motto des Museums orientierten sich an dem Anspruch, der zentrale Erinnerungsort des deutschen Fu\u00dfballs zu sein: Wir sind Fu\u00dfball.\u201c<\/p>\n<p>Weitere Informationen unter:<\/p>\n<p><a href=\"https:\/\/www.fussballmuseum.de\/\">https:\/\/www.fussballmuseum.de\/<\/a><\/p>\n","protected":false},"excerpt":{"rendered":"<p>Die Vereinigten Kalkwerke planen am Mittwoch, den 11.05.2016 das Deutsche Fu\u00dfballmuseum in Dortmund zu besuchen. Abfahrt mit dem Zug ist um 15:30 Uhr am Bahnhof in Arnsberg. Die Fu\u00dfballsachverst\u00e4ndige Frau Ulrike Meyer wird die Stammtischfreunde durch die interessanten Ausstellungen des Museums f\u00fchren. Nach dem Museumsbesuch geht es dann sofort wieder mit dem Zug nach Arnsberg &hellip; <a class=\"read-excerpt\" href=\"https:\/\/www.vereinigte-kalkwerke.de\/?page_id=669\">Weiterlesen <span class=\"meta-nav\">&raquo;<\/span><\/a><\/p>\n","protected":false},"author":2,"featured_media":0,"parent":2067,"menu_order":2,"comment_status":"open","ping_status":"open","template":"","meta":[],"_links":{"self":[{"href":"https:\/\/www.vereinigte-kalkwerke.de\/index.php?rest_route=\/wp\/v2\/pages\/669"}],"collection":[{"href":"https:\/\/www.vereinigte-kalkwerke.de\/index.php?rest_route=\/wp\/v2\/pages"}],"about":[{"href":"https:\/\/www.vereinigte-kalkwerke.de\/index.php?rest_route=\/wp\/v2\/types\/page"}],"author":[{"embeddable":true,"href":"https:\/\/www.vereinigte-kalkwerke.de\/index.php?rest_route=\/wp\/v2\/users\/2"}],"replies":[{"embeddable":true,"href":"https:\/\/www.vereinigte-kalkwerke.de\/index.php?rest_route=%2Fwp%2Fv2%2Fcomments&post=669"}],"version-history":[{"count":2,"href":"https:\/\/www.vereinigte-kalkwerke.de\/index.php?rest_route=\/wp\/v2\/pages\/669\/revisions"}],"predecessor-version":[{"id":673,"href":"https:\/\/www.vereinigte-kalkwerke.de\/index.php?rest_route=\/wp\/v2\/pages\/669\/revisions\/673"}],"up":[{"embeddable":true,"href":"https:\/\/www.vereinigte-kalkwerke.de\/index.php?rest_route=\/wp\/v2\/pages\/2067"}],"wp:attachment":[{"href":"https:\/\/www.vereinigte-kalkwerke.de\/index.php?rest_route=%2Fwp%2Fv2%2Fmedia&parent=669"}],"curies":[{"name":"wp","href":"https:\/\/api.w.org\/{rel}","templated":true}]}}