{"id":675,"date":"2016-05-18T13:15:38","date_gmt":"2016-05-18T11:15:38","guid":{"rendered":"http:\/\/www.vereinigte-kalkwerke.de\/?p=675"},"modified":"2020-11-12T19:35:55","modified_gmt":"2020-11-12T17:35:55","slug":"besuch-des-deutschen-fussballmuseums-bericht","status":"publish","type":"page","link":"https:\/\/www.vereinigte-kalkwerke.de\/?page_id=675","title":{"rendered":"Besuch des Deutschen Fu\u00dfballmuseums 2016"},"content":{"rendered":"<p><span style=\"color: #333333; font-family: 'Georgia','serif';\"> Die Vereinigten Kalkwerke haben am Mittwoch, den 11.05.2016 das Deutsche Fu\u00dfballmuseum in Dortmund besucht. Nach der Anreise mit dem Zug aus Arnsberg wurden die Stammtischfreunde von Frau Ulrike Meyer sehr sachkundig durch die interessanten Ausstellungen des Museums gef\u00fchrt. Auch an dieser Stelle noch Mal ein herzliches Dankesch\u00f6n an Frau Meyer f\u00fcr die tolle F\u00fchrung. Nach dem Museumsbesuch ging es dann sofort wieder mit dem Zug nach Arnsberg zur\u00fcck ins Stammtischlokal Ratskeller. Die mitgefahrenen Stammtischfreunde betonten, dass dies sicherlich nicht der letzte Besuch des Fu\u00dfballmuseums gewesen ist. Auch Frau Meyer folgte der Einladung der VKW und nahm am Stammtischabend teil. Als kleines Sahneh\u00e4uptchen konnte dann auch noch der Geburtstag des Speakers geb\u00fchrend gefeiert werden. Werner B\u00fchner hatte dazu ein tolles Gedicht verfasst. <em>(siehe: Worte zu Wilhelms Geburtstag)<\/em><\/span><\/p>\n<p><span style=\"color: #333333; font-family: 'Georgia','serif';\">Nachfolgende Bilder zeugen von einem interessanten und erlebnisreichen Nachmittag:<\/span><\/p>\n<p><a href=\"https:\/\/www.vereinigte-kalkwerke.de\/wp-content\/uploads\/2016\/05\/20160511_162145.jpg\" rel=\"attachment wp-att-678\"><img loading=\"lazy\" class=\"alignleft size-thumbnail wp-image-678\" src=\"https:\/\/www.vereinigte-kalkwerke.de\/wp-content\/uploads\/2016\/05\/20160511_162145-150x150.jpg\" alt=\"20160511_162145\" width=\"150\" height=\"150\"><\/a> <a href=\"https:\/\/www.vereinigte-kalkwerke.de\/wp-content\/uploads\/2016\/05\/20160511_162856.jpg\" rel=\"attachment wp-att-679\"><img loading=\"lazy\" class=\"alignleft size-thumbnail wp-image-679\" src=\"https:\/\/www.vereinigte-kalkwerke.de\/wp-content\/uploads\/2016\/05\/20160511_162856-150x150.jpg\" alt=\"20160511_162856\" width=\"150\" height=\"150\"><\/a> <a href=\"https:\/\/www.vereinigte-kalkwerke.de\/wp-content\/uploads\/2016\/05\/20160511_162913.jpg\" rel=\"attachment wp-att-680\"><img loading=\"lazy\" class=\"alignleft size-thumbnail wp-image-680\" src=\"https:\/\/www.vereinigte-kalkwerke.de\/wp-content\/uploads\/2016\/05\/20160511_162913-150x150.jpg\" alt=\"20160511_162913\" width=\"150\" height=\"150\"><\/a> <a href=\"https:\/\/www.vereinigte-kalkwerke.de\/wp-content\/uploads\/2016\/05\/20160511_172623.jpg\" rel=\"attachment wp-att-681\"><img loading=\"lazy\" class=\"alignleft size-thumbnail wp-image-681\" src=\"https:\/\/www.vereinigte-kalkwerke.de\/wp-content\/uploads\/2016\/05\/20160511_172623-150x150.jpg\" alt=\"20160511_172623\" width=\"150\" height=\"150\"><\/a><\/p>\n<p>&nbsp;<\/p>\n<p>&nbsp;<\/p>\n<p>&nbsp;<\/p>\n<p>&nbsp;<\/p>\n<p>&nbsp;<\/p>\n<div id=\"attachment_684\" style=\"width: 160px\" class=\"wp-caption alignleft\"><a href=\"https:\/\/www.vereinigte-kalkwerke.de\/wp-content\/uploads\/2016\/05\/20160511_174457.jpg\" rel=\"attachment wp-att-684\"><img aria-describedby=\"caption-attachment-684\" loading=\"lazy\" class=\"wp-image-684 size-thumbnail\" src=\"https:\/\/www.vereinigte-kalkwerke.de\/wp-content\/uploads\/2016\/05\/20160511_174457-150x150.jpg\" alt=\"20160511_174457\" width=\"150\" height=\"150\"><\/a><p id=\"caption-attachment-684\" class=\"wp-caption-text\">Sehr sportlich, unser Theo, Klaus Fischer kann es nicht besser<\/p><\/div>\n<p><a href=\"https:\/\/www.vereinigte-kalkwerke.de\/wp-content\/uploads\/2016\/05\/20160511_172814.jpg\" rel=\"attachment wp-att-682\"><img loading=\"lazy\" class=\"alignleft size-thumbnail wp-image-682\" src=\"https:\/\/www.vereinigte-kalkwerke.de\/wp-content\/uploads\/2016\/05\/20160511_172814-150x150.jpg\" alt=\"20160511_172814\" width=\"150\" height=\"150\"><\/a> <a href=\"https:\/\/www.vereinigte-kalkwerke.de\/wp-content\/uploads\/2016\/05\/20160511_174320.jpg\" rel=\"attachment wp-att-683\"><img loading=\"lazy\" class=\"alignleft size-thumbnail wp-image-683\" src=\"https:\/\/www.vereinigte-kalkwerke.de\/wp-content\/uploads\/2016\/05\/20160511_174320-150x150.jpg\" alt=\"20160511_174320\" width=\"150\" height=\"150\"><\/a> <a href=\"https:\/\/www.vereinigte-kalkwerke.de\/wp-content\/uploads\/2016\/05\/20160511_174535.jpg\" rel=\"attachment wp-att-685\"><img loading=\"lazy\" class=\"alignleft size-thumbnail wp-image-685\" src=\"https:\/\/www.vereinigte-kalkwerke.de\/wp-content\/uploads\/2016\/05\/20160511_174535-150x150.jpg\" alt=\"20160511_174535\" width=\"150\" height=\"150\"><\/a><\/p>\n<p>&nbsp;<\/p>\n<p>&nbsp;<\/p>\n<p>&nbsp;<\/p>\n<p>&nbsp;<\/p>\n<p>&nbsp;<\/p>\n<p><a href=\"https:\/\/www.vereinigte-kalkwerke.de\/wp-content\/uploads\/2016\/05\/20160511_174625.jpg\" rel=\"attachment wp-att-686\"><img loading=\"lazy\" class=\"alignleft size-thumbnail wp-image-686\" src=\"https:\/\/www.vereinigte-kalkwerke.de\/wp-content\/uploads\/2016\/05\/20160511_174625-150x150.jpg\" alt=\"20160511_174625\" width=\"150\" height=\"150\"><\/a> <a href=\"https:\/\/www.vereinigte-kalkwerke.de\/wp-content\/uploads\/2016\/05\/20160511_202106.jpg\" rel=\"attachment wp-att-687\"><img loading=\"lazy\" class=\"alignleft size-thumbnail wp-image-687\" src=\"https:\/\/www.vereinigte-kalkwerke.de\/wp-content\/uploads\/2016\/05\/20160511_202106-150x150.jpg\" alt=\"20160511_202106\" width=\"150\" height=\"150\"><\/a> <a href=\"https:\/\/www.vereinigte-kalkwerke.de\/wp-content\/uploads\/2016\/05\/20160511_202135.jpg\" rel=\"attachment wp-att-688\"><img loading=\"lazy\" class=\"alignleft size-thumbnail wp-image-688\" src=\"https:\/\/www.vereinigte-kalkwerke.de\/wp-content\/uploads\/2016\/05\/20160511_202135-150x150.jpg\" alt=\"20160511_202135\" width=\"150\" height=\"150\"><\/a><\/p>\n<p>&nbsp;<\/p>\n<p>&nbsp;<\/p>\n<p>&nbsp;<\/p>\n<p>&nbsp;<\/p>\n<p>&nbsp;<\/p>\n<p>&nbsp;<\/p>\n<p>&nbsp;<\/p>\n<p>&nbsp;<\/p>\n<p>&nbsp;<\/p>\n<p>&nbsp;<\/p>\n<p><a href=\"https:\/\/www.vereinigte-kalkwerke.de\/wp-content\/uploads\/2016\/05\/Worte-zu-Wilhelms-Geburtstag.pdf\" rel=\"\">Worte zu Wilhelms Geburtstag<\/a><\/p>\n<p>&nbsp;<\/p>\n","protected":false},"excerpt":{"rendered":"<p>Die Vereinigten Kalkwerke haben am Mittwoch, den 11.05.2016 das Deutsche Fu\u00dfballmuseum in Dortmund besucht. Nach der Anreise mit dem Zug aus Arnsberg wurden die Stammtischfreunde von Frau Ulrike Meyer sehr sachkundig durch die interessanten Ausstellungen des Museums gef\u00fchrt. Auch an dieser Stelle noch Mal ein herzliches Dankesch\u00f6n an Frau Meyer f\u00fcr die tolle F\u00fchrung. Nach &hellip; <a class=\"read-excerpt\" href=\"https:\/\/www.vereinigte-kalkwerke.de\/?page_id=675\">Weiterlesen <span class=\"meta-nav\">&raquo;<\/span><\/a><\/p>\n","protected":false},"author":2,"featured_media":0,"parent":9,"menu_order":2,"comment_status":"open","ping_status":"open","template":"","meta":[],"_links":{"self":[{"href":"https:\/\/www.vereinigte-kalkwerke.de\/index.php?rest_route=\/wp\/v2\/pages\/675"}],"collection":[{"href":"https:\/\/www.vereinigte-kalkwerke.de\/index.php?rest_route=\/wp\/v2\/pages"}],"about":[{"href":"https:\/\/www.vereinigte-kalkwerke.de\/index.php?rest_route=\/wp\/v2\/types\/page"}],"author":[{"embeddable":true,"href":"https:\/\/www.vereinigte-kalkwerke.de\/index.php?rest_route=\/wp\/v2\/users\/2"}],"replies":[{"embeddable":true,"href":"https:\/\/www.vereinigte-kalkwerke.de\/index.php?rest_route=%2Fwp%2Fv2%2Fcomments&post=675"}],"version-history":[{"count":9,"href":"https:\/\/www.vereinigte-kalkwerke.de\/index.php?rest_route=\/wp\/v2\/pages\/675\/revisions"}],"predecessor-version":[{"id":2105,"href":"https:\/\/www.vereinigte-kalkwerke.de\/index.php?rest_route=\/wp\/v2\/pages\/675\/revisions\/2105"}],"up":[{"embeddable":true,"href":"https:\/\/www.vereinigte-kalkwerke.de\/index.php?rest_route=\/wp\/v2\/pages\/9"}],"wp:attachment":[{"href":"https:\/\/www.vereinigte-kalkwerke.de\/index.php?rest_route=%2Fwp%2Fv2%2Fmedia&parent=675"}],"curies":[{"name":"wp","href":"https:\/\/api.w.org\/{rel}","templated":true}]}}