{"id":850,"date":"2017-01-31T15:24:55","date_gmt":"2017-01-31T13:24:55","guid":{"rendered":"http:\/\/www.vereinigte-kalkwerke.de\/?page_id=850"},"modified":"2020-11-11T17:31:27","modified_gmt":"2020-11-11T15:31:27","slug":"huettenfest","status":"publish","type":"page","link":"https:\/\/www.vereinigte-kalkwerke.de\/?page_id=850","title":{"rendered":"Sommerfeste"},"content":{"rendered":"\n<p class=\"has-cyan-bluish-gray-background-color has-background has-medium-font-size\">Fr\u00fcher H\u00fcttenfeste<\/p>\n\n\n<table width=\"100%\">\n<tbody>\n<tr>\n<td>\u00a0<\/td>\n<\/tr>\n<\/tbody>\n<\/table>\n<p>Im Sommer fand fr\u00fcher das traditionelle H\u00fcttenfest statt. In der Vergangenheit fand dieses an der wunderbar gelegenen H\u00fctte von Fritz auf der Hellefelder H\u00f6he statt. Bis sp\u00e4t in den Abend wurde mit den Damen des Stammtisches bei Kuchen und Kaffee, kalten Getr\u00e4nken, leckerem Grillgut und ein bisschen Gesang zur Gitarre gefeiert. Um den erheblichen Aufwand zu minimieren, wurde das H\u00fcttenfest in Sommerfest umgewandelt und in einen der herrlichen Bierg\u00e4rten Arnsbergs verlegt.<\/p>","protected":false},"excerpt":{"rendered":"<p>Fr\u00fcher H\u00fcttenfeste \u00a0 Im Sommer fand fr\u00fcher das traditionelle H\u00fcttenfest statt. In der Vergangenheit fand dieses an der wunderbar gelegenen H\u00fctte von Fritz auf der Hellefelder H\u00f6he statt. Bis sp\u00e4t in den Abend wurde mit den Damen des Stammtisches bei Kuchen und Kaffee, kalten Getr\u00e4nken, leckerem Grillgut und ein bisschen Gesang zur Gitarre gefeiert. Um &hellip; <a class=\"read-excerpt\" href=\"https:\/\/www.vereinigte-kalkwerke.de\/?page_id=850\">Weiterlesen <span class=\"meta-nav\">&raquo;<\/span><\/a><\/p>\n","protected":false},"author":2,"featured_media":0,"parent":7,"menu_order":2,"comment_status":"closed","ping_status":"closed","template":"","meta":[],"_links":{"self":[{"href":"https:\/\/www.vereinigte-kalkwerke.de\/index.php?rest_route=\/wp\/v2\/pages\/850"}],"collection":[{"href":"https:\/\/www.vereinigte-kalkwerke.de\/index.php?rest_route=\/wp\/v2\/pages"}],"about":[{"href":"https:\/\/www.vereinigte-kalkwerke.de\/index.php?rest_route=\/wp\/v2\/types\/page"}],"author":[{"embeddable":true,"href":"https:\/\/www.vereinigte-kalkwerke.de\/index.php?rest_route=\/wp\/v2\/users\/2"}],"replies":[{"embeddable":true,"href":"https:\/\/www.vereinigte-kalkwerke.de\/index.php?rest_route=%2Fwp%2Fv2%2Fcomments&post=850"}],"version-history":[{"count":4,"href":"https:\/\/www.vereinigte-kalkwerke.de\/index.php?rest_route=\/wp\/v2\/pages\/850\/revisions"}],"predecessor-version":[{"id":2020,"href":"https:\/\/www.vereinigte-kalkwerke.de\/index.php?rest_route=\/wp\/v2\/pages\/850\/revisions\/2020"}],"up":[{"embeddable":true,"href":"https:\/\/www.vereinigte-kalkwerke.de\/index.php?rest_route=\/wp\/v2\/pages\/7"}],"wp:attachment":[{"href":"https:\/\/www.vereinigte-kalkwerke.de\/index.php?rest_route=%2Fwp%2Fv2%2Fmedia&parent=850"}],"curies":[{"name":"wp","href":"https:\/\/api.w.org\/{rel}","templated":true}]}}