{"id":857,"date":"2017-01-31T15:39:05","date_gmt":"2017-01-31T13:39:05","guid":{"rendered":"http:\/\/www.vereinigte-kalkwerke.de\/?page_id=857"},"modified":"2020-11-11T17:14:51","modified_gmt":"2020-11-11T15:14:51","slug":"huettenfest-im-biergarten-in-der-gaststaette-zum-alten-schloss-am-14-08-2015","status":"publish","type":"page","link":"https:\/\/www.vereinigte-kalkwerke.de\/?page_id=857","title":{"rendered":"Sommerfest 2015 im Biergarten in der Gastst\u00e4tte &#8222;Zum alten Schlo\u00df&#8220;"},"content":{"rendered":"<p>Bei strahlendem Sonnenschein trafen sich die VKW`ler am 14.08.2015 zum traditionellen H\u00fcttenfest im Gasthof &#8222;Zum Alten Schlo\u00df&#8220; in der Arnsberger Altstadt. Fast alle Mitglieder und auch die Damen der verstorbenen VKW`ler erfreuten sich ab nachmittags an Kaffee\u00a0und Kuchen und sp\u00e4ter an k\u00fchlen Getr\u00e4nken und leckerem Essen und an der wunderbaren Aussicht \u00fcber Muffrika und Glockenturm. Selbst der gegen 21:00 Uhr einsetzende Regen konnte die gute Laune nicht schm\u00e4lern.<\/p>\n<p>Erste Bilder zeigen dies deutlich:<\/p>\n<p><a href=\"https:\/\/www.vereinigte-kalkwerke.de\/wp-content\/uploads\/2015\/08\/DSC00410.jpg\"><img loading=\"lazy\" class=\"alignleft size-thumbnail wp-image-524\" src=\"https:\/\/www.vereinigte-kalkwerke.de\/wp-content\/uploads\/2015\/08\/DSC00410-150x150.jpg\" alt=\"DSC00410\" width=\"150\" height=\"150\" \/><\/a> <a href=\"https:\/\/www.vereinigte-kalkwerke.de\/wp-content\/uploads\/2015\/08\/DSC00411.jpg\"><img loading=\"lazy\" class=\"alignleft size-thumbnail wp-image-525\" src=\"https:\/\/www.vereinigte-kalkwerke.de\/wp-content\/uploads\/2015\/08\/DSC00411-150x150.jpg\" alt=\"DSC00411\" width=\"150\" height=\"150\" \/><\/a> <a href=\"https:\/\/www.vereinigte-kalkwerke.de\/wp-content\/uploads\/2015\/08\/DSC00416.jpg\"><img loading=\"lazy\" class=\"alignleft size-thumbnail wp-image-526\" src=\"https:\/\/www.vereinigte-kalkwerke.de\/wp-content\/uploads\/2015\/08\/DSC00416-150x150.jpg\" alt=\"DSC00416\" width=\"150\" height=\"150\" \/><\/a> <a href=\"https:\/\/www.vereinigte-kalkwerke.de\/wp-content\/uploads\/2015\/08\/DSC00418.jpg\"><img loading=\"lazy\" class=\"alignleft size-thumbnail wp-image-527\" src=\"https:\/\/www.vereinigte-kalkwerke.de\/wp-content\/uploads\/2015\/08\/DSC00418-150x150.jpg\" alt=\"DSC00418\" width=\"150\" height=\"150\" \/><\/a> <a href=\"https:\/\/www.vereinigte-kalkwerke.de\/wp-content\/uploads\/2015\/08\/DSC00406.jpg\"><img loading=\"lazy\" class=\"alignleft size-thumbnail wp-image-544\" src=\"https:\/\/www.vereinigte-kalkwerke.de\/wp-content\/uploads\/2015\/08\/DSC00406-150x150.jpg\" alt=\"DSC00406\" width=\"150\" height=\"150\" \/><\/a><a href=\"https:\/\/www.vereinigte-kalkwerke.de\/wp-content\/uploads\/2015\/08\/DSC00419.jpg\"><img loading=\"lazy\" class=\"alignleft size-thumbnail wp-image-545\" src=\"https:\/\/www.vereinigte-kalkwerke.de\/wp-content\/uploads\/2015\/08\/DSC00419-150x150.jpg\" alt=\"DSC00419\" width=\"150\" height=\"150\" \/><\/a> <a href=\"https:\/\/www.vereinigte-kalkwerke.de\/wp-content\/uploads\/2015\/08\/DSC00421.jpg\"><img loading=\"lazy\" class=\"alignleft size-thumbnail wp-image-529\" src=\"https:\/\/www.vereinigte-kalkwerke.de\/wp-content\/uploads\/2015\/08\/DSC00421-150x150.jpg\" alt=\"DSC00421\" width=\"150\" height=\"150\" \/><\/a> <a href=\"https:\/\/www.vereinigte-kalkwerke.de\/wp-content\/uploads\/2015\/08\/DSC00422.jpg\"><img loading=\"lazy\" class=\"alignleft size-thumbnail wp-image-530\" src=\"https:\/\/www.vereinigte-kalkwerke.de\/wp-content\/uploads\/2015\/08\/DSC00422-150x150.jpg\" alt=\"DSC00422\" width=\"150\" height=\"150\" \/><\/a> <a href=\"https:\/\/www.vereinigte-kalkwerke.de\/wp-content\/uploads\/2015\/08\/DSC00425.jpg\"><img loading=\"lazy\" class=\"alignleft size-thumbnail wp-image-531\" src=\"https:\/\/www.vereinigte-kalkwerke.de\/wp-content\/uploads\/2015\/08\/DSC00425-150x150.jpg\" alt=\"DSC00425\" width=\"150\" height=\"150\" \/><\/a> <a href=\"https:\/\/www.vereinigte-kalkwerke.de\/wp-content\/uploads\/2015\/08\/DSC00428.jpg\"><img loading=\"lazy\" class=\"alignleft size-thumbnail wp-image-532\" src=\"https:\/\/www.vereinigte-kalkwerke.de\/wp-content\/uploads\/2015\/08\/DSC00428-150x150.jpg\" alt=\"DSC00428\" width=\"150\" height=\"150\" \/><\/a> <a href=\"https:\/\/www.vereinigte-kalkwerke.de\/wp-content\/uploads\/2015\/08\/DSC00435.jpg\"><img loading=\"lazy\" class=\"alignleft size-thumbnail wp-image-533\" src=\"https:\/\/www.vereinigte-kalkwerke.de\/wp-content\/uploads\/2015\/08\/DSC00435-150x150.jpg\" alt=\"DSC00435\" width=\"150\" height=\"150\" \/><\/a><\/p>\n<p><a href=\"https:\/\/www.vereinigte-kalkwerke.de\/wp-content\/uploads\/2015\/08\/DSC00408.jpg\"><img loading=\"lazy\" class=\"alignleft size-thumbnail wp-image-540\" src=\"https:\/\/www.vereinigte-kalkwerke.de\/wp-content\/uploads\/2015\/08\/DSC00408-150x150.jpg\" alt=\"DSC00408\" width=\"150\" height=\"150\" \/><\/a> <a href=\"https:\/\/www.vereinigte-kalkwerke.de\/wp-content\/uploads\/2015\/08\/DSC00415.jpg\"><img loading=\"lazy\" class=\"alignleft size-thumbnail wp-image-541\" src=\"https:\/\/www.vereinigte-kalkwerke.de\/wp-content\/uploads\/2015\/08\/DSC00415-150x150.jpg\" alt=\"DSC00415\" width=\"150\" height=\"150\" \/><\/a> <a href=\"https:\/\/www.vereinigte-kalkwerke.de\/wp-content\/uploads\/2015\/08\/DSC004181.jpg\"><img loading=\"lazy\" class=\"alignleft size-thumbnail wp-image-542\" src=\"https:\/\/www.vereinigte-kalkwerke.de\/wp-content\/uploads\/2015\/08\/DSC004181-150x150.jpg\" alt=\"DSC00418\" width=\"150\" height=\"150\" \/><\/a><a href=\"https:\/\/www.vereinigte-kalkwerke.de\/wp-content\/uploads\/2015\/08\/DSC00440.jpg\"><img loading=\"lazy\" class=\"alignleft size-thumbnail wp-image-536\" src=\"https:\/\/www.vereinigte-kalkwerke.de\/wp-content\/uploads\/2015\/08\/DSC00440-150x150.jpg\" alt=\"DSC00440\" width=\"150\" height=\"150\" \/><\/a> <a href=\"https:\/\/www.vereinigte-kalkwerke.de\/wp-content\/uploads\/2015\/08\/DSC00437.jpg\"><img loading=\"lazy\" class=\"alignleft size-thumbnail wp-image-535\" src=\"https:\/\/www.vereinigte-kalkwerke.de\/wp-content\/uploads\/2015\/08\/DSC00437-150x150.jpg\" alt=\"DSC00437\" width=\"150\" height=\"150\" \/><\/a> <a href=\"https:\/\/www.vereinigte-kalkwerke.de\/wp-content\/uploads\/2015\/08\/DSC00436.jpg\"><img loading=\"lazy\" class=\"alignleft size-thumbnail wp-image-534\" src=\"https:\/\/www.vereinigte-kalkwerke.de\/wp-content\/uploads\/2015\/08\/DSC00436-150x150.jpg\" alt=\"DSC00436\" width=\"150\" height=\"150\" \/><\/a><\/p>\n","protected":false},"excerpt":{"rendered":"<p>Bei strahlendem Sonnenschein trafen sich die VKW`ler am 14.08.2015 zum traditionellen H\u00fcttenfest im Gasthof &#8222;Zum Alten Schlo\u00df&#8220; in der Arnsberger Altstadt. Fast alle Mitglieder und auch die Damen der verstorbenen VKW`ler erfreuten sich ab nachmittags an Kaffee\u00a0und Kuchen und sp\u00e4ter an k\u00fchlen Getr\u00e4nken und leckerem Essen und an der wunderbaren Aussicht \u00fcber Muffrika und Glockenturm. &hellip; <a class=\"read-excerpt\" href=\"https:\/\/www.vereinigte-kalkwerke.de\/?page_id=857\">Weiterlesen <span class=\"meta-nav\">&raquo;<\/span><\/a><\/p>\n","protected":false},"author":2,"featured_media":0,"parent":850,"menu_order":4,"comment_status":"closed","ping_status":"closed","template":"","meta":[],"_links":{"self":[{"href":"https:\/\/www.vereinigte-kalkwerke.de\/index.php?rest_route=\/wp\/v2\/pages\/857"}],"collection":[{"href":"https:\/\/www.vereinigte-kalkwerke.de\/index.php?rest_route=\/wp\/v2\/pages"}],"about":[{"href":"https:\/\/www.vereinigte-kalkwerke.de\/index.php?rest_route=\/wp\/v2\/types\/page"}],"author":[{"embeddable":true,"href":"https:\/\/www.vereinigte-kalkwerke.de\/index.php?rest_route=\/wp\/v2\/users\/2"}],"replies":[{"embeddable":true,"href":"https:\/\/www.vereinigte-kalkwerke.de\/index.php?rest_route=%2Fwp%2Fv2%2Fcomments&post=857"}],"version-history":[{"count":3,"href":"https:\/\/www.vereinigte-kalkwerke.de\/index.php?rest_route=\/wp\/v2\/pages\/857\/revisions"}],"predecessor-version":[{"id":2015,"href":"https:\/\/www.vereinigte-kalkwerke.de\/index.php?rest_route=\/wp\/v2\/pages\/857\/revisions\/2015"}],"up":[{"embeddable":true,"href":"https:\/\/www.vereinigte-kalkwerke.de\/index.php?rest_route=\/wp\/v2\/pages\/850"}],"wp:attachment":[{"href":"https:\/\/www.vereinigte-kalkwerke.de\/index.php?rest_route=%2Fwp%2Fv2%2Fmedia&parent=857"}],"curies":[{"name":"wp","href":"https:\/\/api.w.org\/{rel}","templated":true}]}}