{"id":866,"date":"2017-01-31T15:56:10","date_gmt":"2017-01-31T13:56:10","guid":{"rendered":"http:\/\/www.vereinigte-kalkwerke.de\/?page_id=866"},"modified":"2017-01-31T17:29:41","modified_gmt":"2017-01-31T15:29:41","slug":"stammtischabende","status":"publish","type":"page","link":"https:\/\/www.vereinigte-kalkwerke.de\/?page_id=866","title":{"rendered":"Stammtischabende"},"content":{"rendered":"<p>Der Stammtisch, der immer mittwochs stattfindet, nannte sich \u00fcber viele Jahre schlicht \u201eMittwochstammtisch\u201c. Der Zusatz VKW (Vereinigte Kalkwerke) wurde ihm in den 1960iger Jahren beigef\u00fcgt. An einem feucht-fr\u00f6hlichen Stammtischabend beklagte man die allgemeine Vergesslichkeit der Stammtischbr\u00fcder und f\u00fchrte das auf den \u201erieselnden Kalk\u201c zur\u00fcck. Darauf kam von Karl Wurm (oder war es Hermann Herbold?) die Feststellung, der Stammtisch gleiche einem Kalkwerk, und er schlug den Namen \u201eVereinigte Kalkwerke\u201c vor.<\/p>\n","protected":false},"excerpt":{"rendered":"<p>Der Stammtisch, der immer mittwochs stattfindet, nannte sich \u00fcber viele Jahre schlicht \u201eMittwochstammtisch\u201c. Der Zusatz VKW (Vereinigte Kalkwerke) wurde ihm in den 1960iger Jahren beigef\u00fcgt. An einem feucht-fr\u00f6hlichen Stammtischabend beklagte man die allgemeine Vergesslichkeit der Stammtischbr\u00fcder und f\u00fchrte das auf den \u201erieselnden Kalk\u201c zur\u00fcck. Darauf kam von Karl Wurm (oder war es Hermann Herbold?) die &hellip; <a class=\"read-excerpt\" href=\"https:\/\/www.vereinigte-kalkwerke.de\/?page_id=866\">Weiterlesen <span class=\"meta-nav\">&raquo;<\/span><\/a><\/p>\n","protected":false},"author":2,"featured_media":0,"parent":0,"menu_order":2,"comment_status":"closed","ping_status":"closed","template":"","meta":[],"_links":{"self":[{"href":"https:\/\/www.vereinigte-kalkwerke.de\/index.php?rest_route=\/wp\/v2\/pages\/866"}],"collection":[{"href":"https:\/\/www.vereinigte-kalkwerke.de\/index.php?rest_route=\/wp\/v2\/pages"}],"about":[{"href":"https:\/\/www.vereinigte-kalkwerke.de\/index.php?rest_route=\/wp\/v2\/types\/page"}],"author":[{"embeddable":true,"href":"https:\/\/www.vereinigte-kalkwerke.de\/index.php?rest_route=\/wp\/v2\/users\/2"}],"replies":[{"embeddable":true,"href":"https:\/\/www.vereinigte-kalkwerke.de\/index.php?rest_route=%2Fwp%2Fv2%2Fcomments&post=866"}],"version-history":[{"count":3,"href":"https:\/\/www.vereinigte-kalkwerke.de\/index.php?rest_route=\/wp\/v2\/pages\/866\/revisions"}],"predecessor-version":[{"id":935,"href":"https:\/\/www.vereinigte-kalkwerke.de\/index.php?rest_route=\/wp\/v2\/pages\/866\/revisions\/935"}],"wp:attachment":[{"href":"https:\/\/www.vereinigte-kalkwerke.de\/index.php?rest_route=%2Fwp%2Fv2%2Fmedia&parent=866"}],"curies":[{"name":"wp","href":"https:\/\/api.w.org\/{rel}","templated":true}]}}