{"id":882,"date":"2017-01-31T16:24:12","date_gmt":"2017-01-31T14:24:12","guid":{"rendered":"http:\/\/www.vereinigte-kalkwerke.de\/?page_id=882"},"modified":"2017-01-31T16:24:48","modified_gmt":"2017-01-31T14:24:48","slug":"gelaender-zur-sicherung-des-weges-auf-dem-schlossberg","status":"publish","type":"page","link":"https:\/\/www.vereinigte-kalkwerke.de\/?page_id=882","title":{"rendered":"Gel\u00e4nder zur Sicherung des Weges auf dem Schlossberg 1999"},"content":{"rendered":"<table width=\"100%\">\n<tbody>\n<tr>\n<td><\/td>\n<\/tr>\n<\/tbody>\n<\/table>\n<p>Am 22.04.1999 wurde eine Spendenbescheinigung von der Stadt Arnsberg in H\u00f6he von 500 DM auf den <em><u>Franz Scheffer Stammtisch, Br\u00fcckenplatz 4<\/u><\/em> ausgestellt. Die Spende diente der F\u00f6rderung gemeinn\u00fctziger Zwecke (Heimat- und Brauchtumspflege) durch den Arnsberger<em> Heimatbund e.V. <\/em>Die Spenden dienten zur Errichtung eines Gel\u00e4nders zur Sicherung des Weges um das Arnsberger Schloss herum. Das Hinweisschild auf diese Spende ist heute noch vorhanden.<\/p>\n<p><a href=\"https:\/\/www.vereinigte-kalkwerke.de\/wp-content\/uploads\/2017\/01\/Inschrift-Schlo\u00dfberg.jpg\"><img loading=\"lazy\" class=\"size-medium wp-image-883 alignleft\" src=\"https:\/\/www.vereinigte-kalkwerke.de\/wp-content\/uploads\/2017\/01\/Inschrift-Schlo\u00dfberg-300x77.jpg\" alt=\"inschrift-schlossberg\" width=\"300\" height=\"77\" srcset=\"https:\/\/www.vereinigte-kalkwerke.de\/wp-content\/uploads\/2017\/01\/Inschrift-Schlo\u00dfberg-300x77.jpg 300w, https:\/\/www.vereinigte-kalkwerke.de\/wp-content\/uploads\/2017\/01\/Inschrift-Schlo\u00dfberg-768x197.jpg 768w, https:\/\/www.vereinigte-kalkwerke.de\/wp-content\/uploads\/2017\/01\/Inschrift-Schlo\u00dfberg-1024x263.jpg 1024w, https:\/\/www.vereinigte-kalkwerke.de\/wp-content\/uploads\/2017\/01\/Inschrift-Schlo\u00dfberg.jpg 1191w\" sizes=\"(max-width: 300px) 100vw, 300px\" \/><\/a><\/p>\n","protected":false},"excerpt":{"rendered":"<p>Am 22.04.1999 wurde eine Spendenbescheinigung von der Stadt Arnsberg in H\u00f6he von 500 DM auf den Franz Scheffer Stammtisch, Br\u00fcckenplatz 4 ausgestellt. Die Spende diente der F\u00f6rderung gemeinn\u00fctziger Zwecke (Heimat- und Brauchtumspflege) durch den Arnsberger Heimatbund e.V. Die Spenden dienten zur Errichtung eines Gel\u00e4nders zur Sicherung des Weges um das Arnsberger Schloss herum. Das Hinweisschild &hellip; <a class=\"read-excerpt\" href=\"https:\/\/www.vereinigte-kalkwerke.de\/?page_id=882\">Weiterlesen <span class=\"meta-nav\">&raquo;<\/span><\/a><\/p>\n","protected":false},"author":2,"featured_media":0,"parent":877,"menu_order":1,"comment_status":"closed","ping_status":"closed","template":"","meta":[],"_links":{"self":[{"href":"https:\/\/www.vereinigte-kalkwerke.de\/index.php?rest_route=\/wp\/v2\/pages\/882"}],"collection":[{"href":"https:\/\/www.vereinigte-kalkwerke.de\/index.php?rest_route=\/wp\/v2\/pages"}],"about":[{"href":"https:\/\/www.vereinigte-kalkwerke.de\/index.php?rest_route=\/wp\/v2\/types\/page"}],"author":[{"embeddable":true,"href":"https:\/\/www.vereinigte-kalkwerke.de\/index.php?rest_route=\/wp\/v2\/users\/2"}],"replies":[{"embeddable":true,"href":"https:\/\/www.vereinigte-kalkwerke.de\/index.php?rest_route=%2Fwp%2Fv2%2Fcomments&post=882"}],"version-history":[{"count":2,"href":"https:\/\/www.vereinigte-kalkwerke.de\/index.php?rest_route=\/wp\/v2\/pages\/882\/revisions"}],"predecessor-version":[{"id":885,"href":"https:\/\/www.vereinigte-kalkwerke.de\/index.php?rest_route=\/wp\/v2\/pages\/882\/revisions\/885"}],"up":[{"embeddable":true,"href":"https:\/\/www.vereinigte-kalkwerke.de\/index.php?rest_route=\/wp\/v2\/pages\/877"}],"wp:attachment":[{"href":"https:\/\/www.vereinigte-kalkwerke.de\/index.php?rest_route=%2Fwp%2Fv2%2Fmedia&parent=882"}],"curies":[{"name":"wp","href":"https:\/\/api.w.org\/{rel}","templated":true}]}}