{"id":898,"date":"2017-01-31T16:45:07","date_gmt":"2017-01-31T14:45:07","guid":{"rendered":"http:\/\/www.vereinigte-kalkwerke.de\/?page_id=898"},"modified":"2017-01-31T16:45:07","modified_gmt":"2017-01-31T14:45:07","slug":"besichtigung-der-veltinsbrauerei-29-10-2015","status":"publish","type":"page","link":"https:\/\/www.vereinigte-kalkwerke.de\/?page_id=898","title":{"rendered":"Besichtigung der Veltinsbrauerei 29.10.2015"},"content":{"rendered":"<p>Die Vereinigten Kalkwerke sind von der Veltins AG zu einer Brauereibesichtigung eingeladen worden. Am Mittwoch den 29. Oktober treffen sich die Stammtischfreunde um 17:30 Uhr am Neumarkt, um mit einem Bus nach Grevenstein zu fahren. Im Anschlu\u00df an die Besichtigung findet noch ein gem\u00fctliches Zusammensein statt.<\/p>\n<p>Hier erste Bilder von der sehr informationsreichen F\u00fchrung durch Herrn Bauer:<\/p>\n<p><a href=\"https:\/\/www.vereinigte-kalkwerke.de\/wp-content\/uploads\/2014\/10\/20141029_193555_resized.jpg\"><img loading=\"lazy\" class=\"alignleft size-medium wp-image-359\" src=\"https:\/\/www.vereinigte-kalkwerke.de\/wp-content\/uploads\/2014\/10\/20141029_193555_resized-300x168.jpg\" alt=\"20141029_193555_resized\" width=\"300\" height=\"168\" srcset=\"https:\/\/www.vereinigte-kalkwerke.de\/wp-content\/uploads\/2014\/10\/20141029_193555_resized-300x168.jpg 300w, https:\/\/www.vereinigte-kalkwerke.de\/wp-content\/uploads\/2014\/10\/20141029_193555_resized-1024x576.jpg 1024w\" sizes=\"(max-width: 300px) 100vw, 300px\" \/><\/a> <a href=\"https:\/\/www.vereinigte-kalkwerke.de\/wp-content\/uploads\/2014\/10\/20141029_195435_resized.jpg\"><img loading=\"lazy\" class=\"alignleft size-medium wp-image-360\" src=\"https:\/\/www.vereinigte-kalkwerke.de\/wp-content\/uploads\/2014\/10\/20141029_195435_resized-300x168.jpg\" alt=\"20141029_195435_resized\" width=\"300\" height=\"168\" srcset=\"https:\/\/www.vereinigte-kalkwerke.de\/wp-content\/uploads\/2014\/10\/20141029_195435_resized-300x168.jpg 300w, https:\/\/www.vereinigte-kalkwerke.de\/wp-content\/uploads\/2014\/10\/20141029_195435_resized-1024x576.jpg 1024w\" sizes=\"(max-width: 300px) 100vw, 300px\" \/><\/a> <a href=\"https:\/\/www.vereinigte-kalkwerke.de\/wp-content\/uploads\/2014\/10\/20141029_195624_resized.jpg\"><img loading=\"lazy\" class=\"alignleft size-medium wp-image-361\" src=\"https:\/\/www.vereinigte-kalkwerke.de\/wp-content\/uploads\/2014\/10\/20141029_195624_resized-300x168.jpg\" alt=\"20141029_195624_resized\" width=\"300\" height=\"168\" srcset=\"https:\/\/www.vereinigte-kalkwerke.de\/wp-content\/uploads\/2014\/10\/20141029_195624_resized-300x168.jpg 300w, https:\/\/www.vereinigte-kalkwerke.de\/wp-content\/uploads\/2014\/10\/20141029_195624_resized-1024x576.jpg 1024w\" sizes=\"(max-width: 300px) 100vw, 300px\" \/><\/a> <a href=\"https:\/\/www.vereinigte-kalkwerke.de\/wp-content\/uploads\/2014\/10\/20141029_202004_resized.jpg\"><img loading=\"lazy\" class=\"alignleft size-medium wp-image-362\" src=\"https:\/\/www.vereinigte-kalkwerke.de\/wp-content\/uploads\/2014\/10\/20141029_202004_resized-300x168.jpg\" alt=\"20141029_202004_resized\" width=\"300\" height=\"168\" srcset=\"https:\/\/www.vereinigte-kalkwerke.de\/wp-content\/uploads\/2014\/10\/20141029_202004_resized-300x168.jpg 300w, https:\/\/www.vereinigte-kalkwerke.de\/wp-content\/uploads\/2014\/10\/20141029_202004_resized-1024x576.jpg 1024w\" sizes=\"(max-width: 300px) 100vw, 300px\" \/><\/a> <a href=\"https:\/\/www.vereinigte-kalkwerke.de\/wp-content\/uploads\/2014\/10\/20141029_202320_resized.jpg\"><img loading=\"lazy\" class=\"alignleft size-medium wp-image-363\" src=\"https:\/\/www.vereinigte-kalkwerke.de\/wp-content\/uploads\/2014\/10\/20141029_202320_resized-300x168.jpg\" alt=\"20141029_202320_resized\" width=\"300\" height=\"168\" srcset=\"https:\/\/www.vereinigte-kalkwerke.de\/wp-content\/uploads\/2014\/10\/20141029_202320_resized-300x168.jpg 300w, https:\/\/www.vereinigte-kalkwerke.de\/wp-content\/uploads\/2014\/10\/20141029_202320_resized-1024x576.jpg 1024w\" sizes=\"(max-width: 300px) 100vw, 300px\" \/><\/a> <a href=\"https:\/\/www.vereinigte-kalkwerke.de\/wp-content\/uploads\/2014\/10\/20141029_202332_resized.jpg\"><img loading=\"lazy\" class=\"alignleft size-medium wp-image-364\" src=\"https:\/\/www.vereinigte-kalkwerke.de\/wp-content\/uploads\/2014\/10\/20141029_202332_resized-300x168.jpg\" alt=\"20141029_202332_resized\" width=\"300\" height=\"168\" srcset=\"https:\/\/www.vereinigte-kalkwerke.de\/wp-content\/uploads\/2014\/10\/20141029_202332_resized-300x168.jpg 300w, https:\/\/www.vereinigte-kalkwerke.de\/wp-content\/uploads\/2014\/10\/20141029_202332_resized-1024x576.jpg 1024w\" sizes=\"(max-width: 300px) 100vw, 300px\" \/><\/a><\/p>\n<p><a href=\"https:\/\/www.vereinigte-kalkwerke.de\/wp-content\/uploads\/2014\/10\/20141029_183956_resized.jpg\"><img loading=\"lazy\" class=\"alignleft size-medium wp-image-365\" src=\"https:\/\/www.vereinigte-kalkwerke.de\/wp-content\/uploads\/2014\/10\/20141029_183956_resized-300x225.jpg\" alt=\"20141029_183956_resized\" width=\"300\" height=\"225\" srcset=\"https:\/\/www.vereinigte-kalkwerke.de\/wp-content\/uploads\/2014\/10\/20141029_183956_resized-300x225.jpg 300w, https:\/\/www.vereinigte-kalkwerke.de\/wp-content\/uploads\/2014\/10\/20141029_183956_resized-1024x768.jpg 1024w, https:\/\/www.vereinigte-kalkwerke.de\/wp-content\/uploads\/2014\/10\/20141029_183956_resized.jpg 1280w\" sizes=\"(max-width: 300px) 100vw, 300px\" \/><\/a> <a href=\"https:\/\/www.vereinigte-kalkwerke.de\/wp-content\/uploads\/2014\/10\/20141029_184247_resized.jpg\"><img loading=\"lazy\" class=\"alignleft size-medium wp-image-366\" src=\"https:\/\/www.vereinigte-kalkwerke.de\/wp-content\/uploads\/2014\/10\/20141029_184247_resized-300x225.jpg\" alt=\"20141029_184247_resized\" width=\"300\" height=\"225\" srcset=\"https:\/\/www.vereinigte-kalkwerke.de\/wp-content\/uploads\/2014\/10\/20141029_184247_resized-300x225.jpg 300w, https:\/\/www.vereinigte-kalkwerke.de\/wp-content\/uploads\/2014\/10\/20141029_184247_resized-1024x768.jpg 1024w, https:\/\/www.vereinigte-kalkwerke.de\/wp-content\/uploads\/2014\/10\/20141029_184247_resized.jpg 1280w\" sizes=\"(max-width: 300px) 100vw, 300px\" \/><\/a> <a href=\"https:\/\/www.vereinigte-kalkwerke.de\/wp-content\/uploads\/2014\/10\/20141029_184923_resized.jpg\"><img loading=\"lazy\" class=\"alignleft size-medium wp-image-367\" src=\"https:\/\/www.vereinigte-kalkwerke.de\/wp-content\/uploads\/2014\/10\/20141029_184923_resized-300x225.jpg\" alt=\"20141029_184923_resized\" width=\"300\" height=\"225\" srcset=\"https:\/\/www.vereinigte-kalkwerke.de\/wp-content\/uploads\/2014\/10\/20141029_184923_resized-300x225.jpg 300w, https:\/\/www.vereinigte-kalkwerke.de\/wp-content\/uploads\/2014\/10\/20141029_184923_resized-1024x768.jpg 1024w, https:\/\/www.vereinigte-kalkwerke.de\/wp-content\/uploads\/2014\/10\/20141029_184923_resized.jpg 1280w\" sizes=\"(max-width: 300px) 100vw, 300px\" \/><\/a> <a href=\"https:\/\/www.vereinigte-kalkwerke.de\/wp-content\/uploads\/2014\/10\/20141029_191200_resized.jpg\"><img loading=\"lazy\" class=\"alignleft size-medium wp-image-368\" src=\"https:\/\/www.vereinigte-kalkwerke.de\/wp-content\/uploads\/2014\/10\/20141029_191200_resized-300x225.jpg\" alt=\"20141029_191200_resized\" width=\"300\" height=\"225\" srcset=\"https:\/\/www.vereinigte-kalkwerke.de\/wp-content\/uploads\/2014\/10\/20141029_191200_resized-300x225.jpg 300w, https:\/\/www.vereinigte-kalkwerke.de\/wp-content\/uploads\/2014\/10\/20141029_191200_resized-1024x768.jpg 1024w, https:\/\/www.vereinigte-kalkwerke.de\/wp-content\/uploads\/2014\/10\/20141029_191200_resized.jpg 1280w\" sizes=\"(max-width: 300px) 100vw, 300px\" \/><\/a><\/p>\n<p>Der Dank des Stammtisches geht besonders an Herrn Bauer, der sein hohes Fachwissen sehr verst\u00e4ndlich an uns vermitteln konnte.<\/p>\n<p>Weitere Informationen zur Veltinsbrauerei gibt es hier:<\/p>\n<p><a title=\"Veltins AG\" href=\"http:\/\/www.veltins.de\/\">Veltinsbrauerei<\/a><\/p>\n","protected":false},"excerpt":{"rendered":"<p>Die Vereinigten Kalkwerke sind von der Veltins AG zu einer Brauereibesichtigung eingeladen worden. Am Mittwoch den 29. Oktober treffen sich die Stammtischfreunde um 17:30 Uhr am Neumarkt, um mit einem Bus nach Grevenstein zu fahren. Im Anschlu\u00df an die Besichtigung findet noch ein gem\u00fctliches Zusammensein statt. Hier erste Bilder von der sehr informationsreichen F\u00fchrung durch &hellip; <a class=\"read-excerpt\" href=\"https:\/\/www.vereinigte-kalkwerke.de\/?page_id=898\">Weiterlesen <span class=\"meta-nav\">&raquo;<\/span><\/a><\/p>\n","protected":false},"author":2,"featured_media":0,"parent":9,"menu_order":1,"comment_status":"closed","ping_status":"closed","template":"","meta":[],"_links":{"self":[{"href":"https:\/\/www.vereinigte-kalkwerke.de\/index.php?rest_route=\/wp\/v2\/pages\/898"}],"collection":[{"href":"https:\/\/www.vereinigte-kalkwerke.de\/index.php?rest_route=\/wp\/v2\/pages"}],"about":[{"href":"https:\/\/www.vereinigte-kalkwerke.de\/index.php?rest_route=\/wp\/v2\/types\/page"}],"author":[{"embeddable":true,"href":"https:\/\/www.vereinigte-kalkwerke.de\/index.php?rest_route=\/wp\/v2\/users\/2"}],"replies":[{"embeddable":true,"href":"https:\/\/www.vereinigte-kalkwerke.de\/index.php?rest_route=%2Fwp%2Fv2%2Fcomments&post=898"}],"version-history":[{"count":3,"href":"https:\/\/www.vereinigte-kalkwerke.de\/index.php?rest_route=\/wp\/v2\/pages\/898\/revisions"}],"predecessor-version":[{"id":2071,"href":"https:\/\/www.vereinigte-kalkwerke.de\/index.php?rest_route=\/wp\/v2\/pages\/898\/revisions\/2071"}],"up":[{"embeddable":true,"href":"https:\/\/www.vereinigte-kalkwerke.de\/index.php?rest_route=\/wp\/v2\/pages\/9"}],"wp:attachment":[{"href":"https:\/\/www.vereinigte-kalkwerke.de\/index.php?rest_route=%2Fwp%2Fv2%2Fmedia&parent=898"}],"curies":[{"name":"wp","href":"https:\/\/api.w.org\/{rel}","templated":true}]}}