{"id":901,"date":"2017-01-31T16:51:42","date_gmt":"2017-01-31T14:51:42","guid":{"rendered":"http:\/\/www.vereinigte-kalkwerke.de\/?page_id=901"},"modified":"2020-11-11T17:39:40","modified_gmt":"2020-11-11T15:39:40","slug":"wildschweinessen-2015","status":"publish","type":"page","link":"https:\/\/www.vereinigte-kalkwerke.de\/?page_id=901","title":{"rendered":"Wildschweinessen 2015"},"content":{"rendered":"<p>Das traditionelle Wildschweinessen des VKW fand dieses Jahr am Mittwoch, <strong>09.12.2015<\/strong> im Stammtischlokal Ratskeller im festlich vorbereiteten Mittelraum statt. Unser Stammtischfreund Fritz B\u00f6mer stiftete auch dieses Jahr wieder das Wildschwein, das durch den K\u00fcchenchef des Ratskellers Andreas Benfer hervorragend zubereitet und durch die Wirtin Marina Benfer freundlich und liebevoll serviert wurde.<\/p>\n<p>Wie die Bilder zeigen wurde das tolle Essen durch eine Runde Pillkaller <em>(siehe \u201eUnsere Getr\u00e4nke\u201c)<\/em> abgerundet, die durch Emil K\u00e4mper auf traditionelle Weise aufgelassen wurde.<\/p>\n<p>Heinfried Lichte spendierte sp\u00e4ter noch eine Runde B\u00e4renfang, \u201e<em>weil er es einfach so sch\u00f6n findet bei den \u201eKalkwerken\u201c zu sein\u201c<\/em> und Speaker Wilhelm Geldmacher bedankte sich noch ausdr\u00fccklich bei Fritz B\u00f6mer f\u00fcr das tolle Fleisch.<\/p>\n<p>Hier erste Bilder von diesen sch\u00f6nen Abend:<\/p>\n<p><a href=\"https:\/\/www.vereinigte-kalkwerke.de\/wp-content\/uploads\/2015\/12\/IMG_2152.jpg\"><img loading=\"lazy\" class=\"alignleft size-thumbnail wp-image-554\" src=\"https:\/\/www.vereinigte-kalkwerke.de\/wp-content\/uploads\/2015\/12\/IMG_2152-150x150.jpg\" alt=\"IMG_2152\" width=\"150\" height=\"150\" \/><\/a><a href=\"https:\/\/www.vereinigte-kalkwerke.de\/wp-content\/uploads\/2015\/12\/IMG_2156.jpg\"><img loading=\"lazy\" class=\"alignleft size-thumbnail wp-image-555\" src=\"https:\/\/www.vereinigte-kalkwerke.de\/wp-content\/uploads\/2015\/12\/IMG_2156-150x150.jpg\" alt=\"IMG_2156\" width=\"150\" height=\"150\" \/><\/a><a href=\"https:\/\/www.vereinigte-kalkwerke.de\/wp-content\/uploads\/2015\/12\/IMG_2157.jpg\"><img loading=\"lazy\" class=\"alignleft size-thumbnail wp-image-556\" src=\"https:\/\/www.vereinigte-kalkwerke.de\/wp-content\/uploads\/2015\/12\/IMG_2157-150x150.jpg\" alt=\"IMG_2157\" width=\"150\" height=\"150\" \/><\/a><a href=\"https:\/\/www.vereinigte-kalkwerke.de\/wp-content\/uploads\/2015\/12\/IMG_2159.jpg\"><img loading=\"lazy\" class=\"alignleft size-thumbnail wp-image-557\" src=\"https:\/\/www.vereinigte-kalkwerke.de\/wp-content\/uploads\/2015\/12\/IMG_2159-150x150.jpg\" alt=\"IMG_2159\" width=\"150\" height=\"150\" \/><\/a><a href=\"https:\/\/www.vereinigte-kalkwerke.de\/wp-content\/uploads\/2015\/12\/IMG_2160.jpg\"><img loading=\"lazy\" class=\"alignleft size-thumbnail wp-image-558\" src=\"https:\/\/www.vereinigte-kalkwerke.de\/wp-content\/uploads\/2015\/12\/IMG_2160-150x150.jpg\" alt=\"IMG_2160\" width=\"150\" height=\"150\" \/><\/a><a href=\"https:\/\/www.vereinigte-kalkwerke.de\/wp-content\/uploads\/2015\/12\/IMG_2163.jpg\"><img loading=\"lazy\" class=\"alignleft size-thumbnail wp-image-559\" src=\"https:\/\/www.vereinigte-kalkwerke.de\/wp-content\/uploads\/2015\/12\/IMG_2163-150x150.jpg\" alt=\"IMG_2163\" width=\"150\" height=\"150\" \/><\/a><a href=\"https:\/\/www.vereinigte-kalkwerke.de\/wp-content\/uploads\/2015\/12\/IMG_2172.jpg\"><img loading=\"lazy\" class=\"alignleft size-thumbnail wp-image-562\" src=\"https:\/\/www.vereinigte-kalkwerke.de\/wp-content\/uploads\/2015\/12\/IMG_2172-150x150.jpg\" alt=\"IMG_2172\" width=\"150\" height=\"150\" \/><\/a> <a href=\"https:\/\/www.vereinigte-kalkwerke.de\/wp-content\/uploads\/2015\/12\/IMG_2169.jpg\"><img loading=\"lazy\" class=\"alignleft size-thumbnail wp-image-561\" src=\"https:\/\/www.vereinigte-kalkwerke.de\/wp-content\/uploads\/2015\/12\/IMG_2169-150x150.jpg\" alt=\"IMG_2169\" width=\"150\" height=\"150\" \/><\/a> <a href=\"https:\/\/www.vereinigte-kalkwerke.de\/wp-content\/uploads\/2015\/12\/IMG_2167.jpg\"><img loading=\"lazy\" class=\"alignleft size-thumbnail wp-image-560\" src=\"https:\/\/www.vereinigte-kalkwerke.de\/wp-content\/uploads\/2015\/12\/IMG_2167-150x150.jpg\" alt=\"IMG_2167\" width=\"150\" height=\"150\" \/><\/a><a href=\"https:\/\/www.vereinigte-kalkwerke.de\/wp-content\/uploads\/2015\/12\/IMG_2179.jpg\"><img loading=\"lazy\" class=\"alignleft size-thumbnail wp-image-565\" src=\"https:\/\/www.vereinigte-kalkwerke.de\/wp-content\/uploads\/2015\/12\/IMG_2179-150x150.jpg\" alt=\"IMG_2179\" width=\"150\" height=\"150\" \/><\/a> <a href=\"https:\/\/www.vereinigte-kalkwerke.de\/wp-content\/uploads\/2015\/12\/IMG_2175.jpg\"><img loading=\"lazy\" class=\"alignleft size-thumbnail wp-image-564\" src=\"https:\/\/www.vereinigte-kalkwerke.de\/wp-content\/uploads\/2015\/12\/IMG_2175-150x150.jpg\" alt=\"IMG_2175\" width=\"150\" height=\"150\" \/><\/a> <a href=\"https:\/\/www.vereinigte-kalkwerke.de\/wp-content\/uploads\/2015\/12\/IMG_2173.jpg\"><img loading=\"lazy\" class=\"alignleft size-thumbnail wp-image-563\" src=\"https:\/\/www.vereinigte-kalkwerke.de\/wp-content\/uploads\/2015\/12\/IMG_2173-150x150.jpg\" alt=\"IMG_2173\" width=\"150\" height=\"150\" \/><\/a><a href=\"https:\/\/www.vereinigte-kalkwerke.de\/wp-content\/uploads\/2015\/12\/IMG_2180.jpg\"><img loading=\"lazy\" class=\"alignleft size-thumbnail wp-image-566\" src=\"https:\/\/www.vereinigte-kalkwerke.de\/wp-content\/uploads\/2015\/12\/IMG_2180-150x150.jpg\" alt=\"IMG_2180\" width=\"150\" height=\"150\" \/><\/a><a href=\"https:\/\/www.vereinigte-kalkwerke.de\/wp-content\/uploads\/2015\/12\/IMG_2181.jpg\"><img loading=\"lazy\" class=\"alignleft size-thumbnail wp-image-567\" src=\"https:\/\/www.vereinigte-kalkwerke.de\/wp-content\/uploads\/2015\/12\/IMG_2181-150x150.jpg\" alt=\"IMG_2181\" width=\"150\" height=\"150\" \/><\/a><a href=\"https:\/\/www.vereinigte-kalkwerke.de\/wp-content\/uploads\/2015\/12\/IMG_2184.jpg\"><img loading=\"lazy\" class=\"alignleft size-thumbnail wp-image-568\" src=\"https:\/\/www.vereinigte-kalkwerke.de\/wp-content\/uploads\/2015\/12\/IMG_2184-150x150.jpg\" alt=\"IMG_2184\" width=\"150\" height=\"150\" \/><\/a><\/p>\n<h6><em><span style=\"color: #3366ff;\">\u00a0<\/span><\/em><\/h6>\n","protected":false},"excerpt":{"rendered":"<p>Das traditionelle Wildschweinessen des VKW fand dieses Jahr am Mittwoch, 09.12.2015 im Stammtischlokal Ratskeller im festlich vorbereiteten Mittelraum statt. Unser Stammtischfreund Fritz B\u00f6mer stiftete auch dieses Jahr wieder das Wildschwein, das durch den K\u00fcchenchef des Ratskellers Andreas Benfer hervorragend zubereitet und durch die Wirtin Marina Benfer freundlich und liebevoll serviert wurde. Wie die Bilder zeigen &hellip; <a class=\"read-excerpt\" href=\"https:\/\/www.vereinigte-kalkwerke.de\/?page_id=901\">Weiterlesen <span class=\"meta-nav\">&raquo;<\/span><\/a><\/p>\n","protected":false},"author":2,"featured_media":0,"parent":852,"menu_order":3,"comment_status":"closed","ping_status":"closed","template":"","meta":[],"_links":{"self":[{"href":"https:\/\/www.vereinigte-kalkwerke.de\/index.php?rest_route=\/wp\/v2\/pages\/901"}],"collection":[{"href":"https:\/\/www.vereinigte-kalkwerke.de\/index.php?rest_route=\/wp\/v2\/pages"}],"about":[{"href":"https:\/\/www.vereinigte-kalkwerke.de\/index.php?rest_route=\/wp\/v2\/types\/page"}],"author":[{"embeddable":true,"href":"https:\/\/www.vereinigte-kalkwerke.de\/index.php?rest_route=\/wp\/v2\/users\/2"}],"replies":[{"embeddable":true,"href":"https:\/\/www.vereinigte-kalkwerke.de\/index.php?rest_route=%2Fwp%2Fv2%2Fcomments&post=901"}],"version-history":[{"count":4,"href":"https:\/\/www.vereinigte-kalkwerke.de\/index.php?rest_route=\/wp\/v2\/pages\/901\/revisions"}],"predecessor-version":[{"id":2028,"href":"https:\/\/www.vereinigte-kalkwerke.de\/index.php?rest_route=\/wp\/v2\/pages\/901\/revisions\/2028"}],"up":[{"embeddable":true,"href":"https:\/\/www.vereinigte-kalkwerke.de\/index.php?rest_route=\/wp\/v2\/pages\/852"}],"wp:attachment":[{"href":"https:\/\/www.vereinigte-kalkwerke.de\/index.php?rest_route=%2Fwp%2Fv2%2Fmedia&parent=901"}],"curies":[{"name":"wp","href":"https:\/\/api.w.org\/{rel}","templated":true}]}}