{"id":912,"date":"2017-01-31T17:04:18","date_gmt":"2017-01-31T15:04:18","guid":{"rendered":"http:\/\/www.vereinigte-kalkwerke.de\/?page_id=912"},"modified":"2020-11-11T17:57:35","modified_gmt":"2020-11-11T15:57:35","slug":"speakers-day-am-06-01-2016","status":"publish","type":"page","link":"https:\/\/www.vereinigte-kalkwerke.de\/?page_id=912","title":{"rendered":"Speakers day am 06.01.2016"},"content":{"rendered":"<p>Am <strong>06.01.2016<\/strong> trafen sich die VKW zum ersten Stammtisch im neuen Jahr, den &#8222;Speakers day&#8220; im Stammtischlokal Ratskeller. Wie jedes Jahr wieder spendeten die Stammtischfreunde dem Speaker Wilhelm Geldmacher Geldbetr\u00e4ge und kleine Aufmerksamkeiten als Anerkennung f\u00fcr seinen Einsatz f\u00fcr den Stammtisch im abgelaufenen Jahr. Alle Geld- und Sachspenden sammelt der Speaker in einem Zylinder, daher wird dieser erste Stammtischabend im neuen Jahr auch \u201eZylinderabend\u201c genannt. Aus den Einnahmen begleicht der Speaker die ersten zwei Runden.<\/p>\n<p>Zur Erg\u00e4nzung der Geldspenden werden die Sachspenden meistbietend versteigert. Schon traditionell ist hier <em>&#8222;Auktion\u00e4r&#8220;<\/em> Franz Eggenstein zust\u00e4ndig. Mit gro\u00dfen Geschick versteigerte er an diesem Abend auch die unsinnigsten Sachgeschenke, so dass ein sehr respektabler Betrag zusammen kam und das Portemonnaie des Speakers verschont blieb.<\/p>\n<p><em><span style=\"color: #3366ff;\">Bilder von \u201eSpeakers day\u201c findet Ihr hier: Vergr\u00f6\u00dferung der Bilder durch Doppelklick!<\/span><\/em><\/p>\n<p><a href=\"https:\/\/www.vereinigte-kalkwerke.de\/wp-content\/uploads\/2016\/01\/IMG_2367.jpg\" rel=\"attachment wp-att-584\"><img loading=\"lazy\" class=\"alignleft size-thumbnail wp-image-584\" src=\"https:\/\/www.vereinigte-kalkwerke.de\/wp-content\/uploads\/2016\/01\/IMG_2367-150x150.jpg\" alt=\"IMG_2367\" width=\"150\" height=\"150\"><\/a> <a href=\"https:\/\/www.vereinigte-kalkwerke.de\/wp-content\/uploads\/2016\/01\/IMG_2366.jpg\" rel=\"attachment wp-att-583\"><img loading=\"lazy\" class=\"alignleft size-thumbnail wp-image-583\" src=\"https:\/\/www.vereinigte-kalkwerke.de\/wp-content\/uploads\/2016\/01\/IMG_2366-150x150.jpg\" alt=\"IMG_2366\" width=\"150\" height=\"150\"><\/a> <a href=\"https:\/\/www.vereinigte-kalkwerke.de\/wp-content\/uploads\/2016\/01\/IMG_2365.jpg\" rel=\"attachment wp-att-582\"><img loading=\"lazy\" class=\"alignleft size-thumbnail wp-image-582\" src=\"https:\/\/www.vereinigte-kalkwerke.de\/wp-content\/uploads\/2016\/01\/IMG_2365-150x150.jpg\" alt=\"IMG_2365\" width=\"150\" height=\"150\"><\/a> <a href=\"https:\/\/www.vereinigte-kalkwerke.de\/wp-content\/uploads\/2016\/01\/IMG_2368.jpg\" rel=\"attachment wp-att-585\"><img loading=\"lazy\" class=\"alignleft size-thumbnail wp-image-585\" src=\"https:\/\/www.vereinigte-kalkwerke.de\/wp-content\/uploads\/2016\/01\/IMG_2368-150x150.jpg\" alt=\"IMG_2368\" width=\"150\" height=\"150\"><\/a><\/p>\n<p><a href=\"https:\/\/www.vereinigte-kalkwerke.de\/wp-content\/uploads\/2016\/01\/IMG_2369.jpg\" rel=\"attachment wp-att-586\"><img loading=\"lazy\" class=\"alignleft size-thumbnail wp-image-586\" src=\"https:\/\/www.vereinigte-kalkwerke.de\/wp-content\/uploads\/2016\/01\/IMG_2369-150x150.jpg\" alt=\"IMG_2369\" width=\"150\" height=\"150\"><\/a> <a href=\"https:\/\/www.vereinigte-kalkwerke.de\/wp-content\/uploads\/2016\/01\/IMG_2370.jpg\" rel=\"attachment wp-att-587\"><img loading=\"lazy\" class=\"alignleft size-thumbnail wp-image-587\" src=\"https:\/\/www.vereinigte-kalkwerke.de\/wp-content\/uploads\/2016\/01\/IMG_2370-150x150.jpg\" alt=\"IMG_2370\" width=\"150\" height=\"150\"><\/a> <a href=\"https:\/\/www.vereinigte-kalkwerke.de\/wp-content\/uploads\/2016\/01\/IMG_2371.jpg\" rel=\"attachment wp-att-588\"><img loading=\"lazy\" class=\"alignleft size-thumbnail wp-image-588\" src=\"https:\/\/www.vereinigte-kalkwerke.de\/wp-content\/uploads\/2016\/01\/IMG_2371-150x150.jpg\" alt=\"IMG_2371\" width=\"150\" height=\"150\"><\/a> <a href=\"https:\/\/www.vereinigte-kalkwerke.de\/wp-content\/uploads\/2016\/01\/IMG_2372.jpg\" rel=\"attachment wp-att-589\"><img loading=\"lazy\" class=\"alignleft size-thumbnail wp-image-589\" src=\"https:\/\/www.vereinigte-kalkwerke.de\/wp-content\/uploads\/2016\/01\/IMG_2372-150x150.jpg\" alt=\"IMG_2372\" width=\"150\" height=\"150\"><\/a><\/p>\n<p><a href=\"https:\/\/www.vereinigte-kalkwerke.de\/wp-content\/uploads\/2016\/01\/IMG_2374.jpg\" rel=\"attachment wp-att-590\"><img loading=\"lazy\" class=\"alignleft size-thumbnail wp-image-590\" src=\"https:\/\/www.vereinigte-kalkwerke.de\/wp-content\/uploads\/2016\/01\/IMG_2374-150x150.jpg\" alt=\"IMG_2374\" width=\"150\" height=\"150\"><\/a> <a href=\"https:\/\/www.vereinigte-kalkwerke.de\/wp-content\/uploads\/2016\/01\/IMG_2376.jpg\" rel=\"attachment wp-att-591\"><img loading=\"lazy\" class=\"alignleft size-thumbnail wp-image-591\" src=\"https:\/\/www.vereinigte-kalkwerke.de\/wp-content\/uploads\/2016\/01\/IMG_2376-150x150.jpg\" alt=\"IMG_2376\" width=\"150\" height=\"150\"><\/a> <a href=\"https:\/\/www.vereinigte-kalkwerke.de\/wp-content\/uploads\/2016\/01\/IMG_2377.jpg\" rel=\"attachment wp-att-592\"><img loading=\"lazy\" class=\"alignleft size-thumbnail wp-image-592\" src=\"https:\/\/www.vereinigte-kalkwerke.de\/wp-content\/uploads\/2016\/01\/IMG_2377-150x150.jpg\" alt=\"IMG_2377\" width=\"150\" height=\"150\"><\/a> <a href=\"https:\/\/www.vereinigte-kalkwerke.de\/wp-content\/uploads\/2016\/01\/IMG_2378.jpg\" rel=\"attachment wp-att-593\"><img loading=\"lazy\" class=\"alignleft size-thumbnail wp-image-593\" src=\"https:\/\/www.vereinigte-kalkwerke.de\/wp-content\/uploads\/2016\/01\/IMG_2378-150x150.jpg\" alt=\"IMG_2378\" width=\"150\" height=\"150\"><\/a><\/p>\n<p><a href=\"https:\/\/www.vereinigte-kalkwerke.de\/wp-content\/uploads\/2016\/01\/IMG_2380.jpg\" rel=\"attachment wp-att-594\"><img loading=\"lazy\" class=\"alignleft size-thumbnail wp-image-594\" src=\"https:\/\/www.vereinigte-kalkwerke.de\/wp-content\/uploads\/2016\/01\/IMG_2380-150x150.jpg\" alt=\"IMG_2380\" width=\"150\" height=\"150\"><\/a> <a href=\"https:\/\/www.vereinigte-kalkwerke.de\/wp-content\/uploads\/2016\/01\/IMG_2381.jpg\" rel=\"attachment wp-att-595\"><img loading=\"lazy\" class=\"alignleft size-thumbnail wp-image-595\" src=\"https:\/\/www.vereinigte-kalkwerke.de\/wp-content\/uploads\/2016\/01\/IMG_2381-150x150.jpg\" alt=\"IMG_2381\" width=\"150\" height=\"150\"><\/a> <a href=\"https:\/\/www.vereinigte-kalkwerke.de\/wp-content\/uploads\/2016\/01\/IMG_2382.jpg\" rel=\"attachment wp-att-596\"><img loading=\"lazy\" class=\"alignleft size-thumbnail wp-image-596\" src=\"https:\/\/www.vereinigte-kalkwerke.de\/wp-content\/uploads\/2016\/01\/IMG_2382-150x150.jpg\" alt=\"IMG_2382\" width=\"150\" height=\"150\"><\/a> <a href=\"https:\/\/www.vereinigte-kalkwerke.de\/wp-content\/uploads\/2016\/01\/IMG_2384.jpg\" rel=\"attachment wp-att-597\"><img loading=\"lazy\" class=\"alignleft size-thumbnail wp-image-597\" src=\"https:\/\/www.vereinigte-kalkwerke.de\/wp-content\/uploads\/2016\/01\/IMG_2384-150x150.jpg\" alt=\"IMG_2384\" width=\"150\" height=\"150\"><\/a><\/p>\n<p><a href=\"https:\/\/www.vereinigte-kalkwerke.de\/wp-content\/uploads\/2016\/01\/IMG_2385.jpg\" rel=\"attachment wp-att-598\"><img loading=\"lazy\" class=\"alignleft size-thumbnail wp-image-598\" src=\"https:\/\/www.vereinigte-kalkwerke.de\/wp-content\/uploads\/2016\/01\/IMG_2385-150x150.jpg\" alt=\"IMG_2385\" width=\"150\" height=\"150\"><\/a> <a href=\"https:\/\/www.vereinigte-kalkwerke.de\/wp-content\/uploads\/2016\/01\/IMG_2386.jpg\" rel=\"attachment wp-att-599\"><img loading=\"lazy\" class=\"alignleft size-thumbnail wp-image-599\" src=\"https:\/\/www.vereinigte-kalkwerke.de\/wp-content\/uploads\/2016\/01\/IMG_2386-150x150.jpg\" alt=\"IMG_2386\" width=\"150\" height=\"150\"><\/a> <a href=\"https:\/\/www.vereinigte-kalkwerke.de\/wp-content\/uploads\/2016\/01\/IMG_2390.jpg\" rel=\"attachment wp-att-600\"><img loading=\"lazy\" class=\"alignleft size-thumbnail wp-image-600\" src=\"https:\/\/www.vereinigte-kalkwerke.de\/wp-content\/uploads\/2016\/01\/IMG_2390-150x150.jpg\" alt=\"IMG_2390\" width=\"150\" height=\"150\"><\/a> <a href=\"https:\/\/www.vereinigte-kalkwerke.de\/wp-content\/uploads\/2016\/01\/IMG_2391.jpg\" rel=\"attachment wp-att-601\"><img loading=\"lazy\" class=\"alignleft size-thumbnail wp-image-601\" src=\"https:\/\/www.vereinigte-kalkwerke.de\/wp-content\/uploads\/2016\/01\/IMG_2391-150x150.jpg\" alt=\"IMG_2391\" width=\"150\" height=\"150\"><\/a> <a href=\"https:\/\/www.vereinigte-kalkwerke.de\/wp-content\/uploads\/2016\/01\/IMG_2392.jpg\" rel=\"attachment wp-att-602\"><img loading=\"lazy\" class=\"alignleft size-thumbnail wp-image-602\" src=\"https:\/\/www.vereinigte-kalkwerke.de\/wp-content\/uploads\/2016\/01\/IMG_2392-150x150.jpg\" alt=\"IMG_2392\" width=\"150\" height=\"150\"><\/a> <a href=\"https:\/\/www.vereinigte-kalkwerke.de\/wp-content\/uploads\/2016\/01\/IMG_2393.jpg\" rel=\"attachment wp-att-603\"><img loading=\"lazy\" class=\"alignleft size-thumbnail wp-image-603\" src=\"https:\/\/www.vereinigte-kalkwerke.de\/wp-content\/uploads\/2016\/01\/IMG_2393-150x150.jpg\" alt=\"IMG_2393\" width=\"150\" height=\"150\"><\/a><\/p>\n","protected":false},"excerpt":{"rendered":"<p>Am 06.01.2016 trafen sich die VKW zum ersten Stammtisch im neuen Jahr, den &#8222;Speakers day&#8220; im Stammtischlokal Ratskeller. Wie jedes Jahr wieder spendeten die Stammtischfreunde dem Speaker Wilhelm Geldmacher Geldbetr\u00e4ge und kleine Aufmerksamkeiten als Anerkennung f\u00fcr seinen Einsatz f\u00fcr den Stammtisch im abgelaufenen Jahr. Alle Geld- und Sachspenden sammelt der Speaker in einem Zylinder, daher &hellip; <a class=\"read-excerpt\" href=\"https:\/\/www.vereinigte-kalkwerke.de\/?page_id=912\">Weiterlesen <span class=\"meta-nav\">&raquo;<\/span><\/a><\/p>\n","protected":false},"author":2,"featured_media":0,"parent":2029,"menu_order":3,"comment_status":"closed","ping_status":"closed","template":"","meta":[],"_links":{"self":[{"href":"https:\/\/www.vereinigte-kalkwerke.de\/index.php?rest_route=\/wp\/v2\/pages\/912"}],"collection":[{"href":"https:\/\/www.vereinigte-kalkwerke.de\/index.php?rest_route=\/wp\/v2\/pages"}],"about":[{"href":"https:\/\/www.vereinigte-kalkwerke.de\/index.php?rest_route=\/wp\/v2\/types\/page"}],"author":[{"embeddable":true,"href":"https:\/\/www.vereinigte-kalkwerke.de\/index.php?rest_route=\/wp\/v2\/users\/2"}],"replies":[{"embeddable":true,"href":"https:\/\/www.vereinigte-kalkwerke.de\/index.php?rest_route=%2Fwp%2Fv2%2Fcomments&post=912"}],"version-history":[{"count":2,"href":"https:\/\/www.vereinigte-kalkwerke.de\/index.php?rest_route=\/wp\/v2\/pages\/912\/revisions"}],"predecessor-version":[{"id":2036,"href":"https:\/\/www.vereinigte-kalkwerke.de\/index.php?rest_route=\/wp\/v2\/pages\/912\/revisions\/2036"}],"up":[{"embeddable":true,"href":"https:\/\/www.vereinigte-kalkwerke.de\/index.php?rest_route=\/wp\/v2\/pages\/2029"}],"wp:attachment":[{"href":"https:\/\/www.vereinigte-kalkwerke.de\/index.php?rest_route=%2Fwp%2Fv2%2Fmedia&parent=912"}],"curies":[{"name":"wp","href":"https:\/\/api.w.org\/{rel}","templated":true}]}}