{"id":927,"date":"2017-01-31T17:23:01","date_gmt":"2017-01-31T15:23:01","guid":{"rendered":"http:\/\/www.vereinigte-kalkwerke.de\/?page_id=927"},"modified":"2017-02-01T16:09:59","modified_gmt":"2017-02-01T14:09:59","slug":"der-nikolaschka","status":"publish","type":"page","link":"https:\/\/www.vereinigte-kalkwerke.de\/?page_id=927","title":{"rendered":"Der Nikolaschka"},"content":{"rendered":"<p><strong>Der Nikolaschka<\/strong> wurde um 1960 von Dr. Bernd Dames eigef\u00fchrt. Er kommt aus Nikolaiken, ehemals Ostpreu\u00dfen und jetzt Polen. Der Nikolaschka besteht aus einem Glas klaren, kalten Korn. Darauf kommt eine ca. 1 cm starke Scheibe Zitrone. Auf die <a href=\"https:\/\/www.vereinigte-kalkwerke.de\/wp-content\/uploads\/2014\/12\/Nikoladchka.jpg\"><img loading=\"lazy\" class=\"alignright size-thumbnail wp-image-493\" src=\"https:\/\/www.vereinigte-kalkwerke.de\/wp-content\/uploads\/2014\/12\/Nikoladchka-150x150.jpg\" alt=\"Nikoladchka\" width=\"150\" height=\"150\" \/><\/a><br \/>\nZitrone wird ein halber Teel\u00f6ffel fein gemahlenes Kaffeepulver und ca. ein halber Teel\u00f6ffel Zucker geh\u00e4uft.<\/p>\n<p><strong>Auflassung: <\/strong>Wegen des f\u00fcr nicht Eingeweihte schwierigen Genie\u00dfens dieses au\u00dfergew\u00f6hnlichen Getr\u00e4nkes<br \/>\nwird es einheitlich in der Stammtischrunde mit folgenden Worten aufgelassen:<\/p>\n<p><em>Vor uns steht ein Nikolaschka, den wir mit einem Dank an den edlen Spender (Name), nunmehr genie\u00dfen wollen! Ran an den Nikolaschka, mal ansehen und mal riechen <strong>\u201eAaah&#8211;!! <\/strong>Nochmal ansehen und nochmal riechen \u201e<strong>Ooooh<\/strong><strong>\u201c<\/strong>!! Oben anfassen (die Zitronenscheibe), falten, einschieben und kauen! Unten anfassen (Glas mit Korn), langsam \u00fcbergleiten lassen und weiter kauen! Runterschlucken, Ablegen, Absetzen!<\/em><\/p>\n<p><em>Nikolaschka kaputt (einmal auf den Tisch klopfen)!<\/em><\/p>\n","protected":false},"excerpt":{"rendered":"<p>Der Nikolaschka wurde um 1960 von Dr. Bernd Dames eigef\u00fchrt. Er kommt aus Nikolaiken, ehemals Ostpreu\u00dfen und jetzt Polen. Der Nikolaschka besteht aus einem Glas klaren, kalten Korn. Darauf kommt eine ca. 1 cm starke Scheibe Zitrone. Auf die Zitrone wird ein halber Teel\u00f6ffel fein gemahlenes Kaffeepulver und ca. ein halber Teel\u00f6ffel Zucker geh\u00e4uft. Auflassung: &hellip; <a class=\"read-excerpt\" href=\"https:\/\/www.vereinigte-kalkwerke.de\/?page_id=927\">Weiterlesen <span class=\"meta-nav\">&raquo;<\/span><\/a><\/p>\n","protected":false},"author":2,"featured_media":0,"parent":407,"menu_order":2,"comment_status":"closed","ping_status":"closed","template":"","meta":[],"_links":{"self":[{"href":"https:\/\/www.vereinigte-kalkwerke.de\/index.php?rest_route=\/wp\/v2\/pages\/927"}],"collection":[{"href":"https:\/\/www.vereinigte-kalkwerke.de\/index.php?rest_route=\/wp\/v2\/pages"}],"about":[{"href":"https:\/\/www.vereinigte-kalkwerke.de\/index.php?rest_route=\/wp\/v2\/types\/page"}],"author":[{"embeddable":true,"href":"https:\/\/www.vereinigte-kalkwerke.de\/index.php?rest_route=\/wp\/v2\/users\/2"}],"replies":[{"embeddable":true,"href":"https:\/\/www.vereinigte-kalkwerke.de\/index.php?rest_route=%2Fwp%2Fv2%2Fcomments&post=927"}],"version-history":[{"count":3,"href":"https:\/\/www.vereinigte-kalkwerke.de\/index.php?rest_route=\/wp\/v2\/pages\/927\/revisions"}],"predecessor-version":[{"id":940,"href":"https:\/\/www.vereinigte-kalkwerke.de\/index.php?rest_route=\/wp\/v2\/pages\/927\/revisions\/940"}],"up":[{"embeddable":true,"href":"https:\/\/www.vereinigte-kalkwerke.de\/index.php?rest_route=\/wp\/v2\/pages\/407"}],"wp:attachment":[{"href":"https:\/\/www.vereinigte-kalkwerke.de\/index.php?rest_route=%2Fwp%2Fv2%2Fmedia&parent=927"}],"curies":[{"name":"wp","href":"https:\/\/api.w.org\/{rel}","templated":true}]}}