{"id":942,"date":"2017-02-08T15:58:04","date_gmt":"2017-02-08T13:58:04","guid":{"rendered":"http:\/\/www.vereinigte-kalkwerke.de\/?p=942"},"modified":"2020-11-12T20:02:13","modified_gmt":"2020-11-12T18:02:13","slug":"gruesse-an-peter","status":"publish","type":"page","link":"https:\/\/www.vereinigte-kalkwerke.de\/?page_id=942","title":{"rendered":"Gr\u00fc\u00dfe an Peter"},"content":{"rendered":"<p>Per WhatsApp wurden letzten Mittwoch Peter herzliche Gr\u00fc\u00dfe nach Hause geschickt, da er an diesem Abend an der Stammtischrunde nicht teilnehmen konnte.<\/p>\n<p><a href=\"https:\/\/www.vereinigte-kalkwerke.de\/wp-content\/uploads\/2017\/02\/IMG-20170201-WA0007.jpg\"><img loading=\"lazy\" class=\"alignleft wp-image-943 size-medium\" src=\"https:\/\/www.vereinigte-kalkwerke.de\/wp-content\/uploads\/2017\/02\/IMG-20170201-WA0007-300x169.jpg\" alt=\"img-20170201-wa0007\" width=\"300\" height=\"169\" srcset=\"https:\/\/www.vereinigte-kalkwerke.de\/wp-content\/uploads\/2017\/02\/IMG-20170201-WA0007-300x169.jpg 300w, https:\/\/www.vereinigte-kalkwerke.de\/wp-content\/uploads\/2017\/02\/IMG-20170201-WA0007-768x432.jpg 768w, https:\/\/www.vereinigte-kalkwerke.de\/wp-content\/uploads\/2017\/02\/IMG-20170201-WA0007-1024x576.jpg 1024w, https:\/\/www.vereinigte-kalkwerke.de\/wp-content\/uploads\/2017\/02\/IMG-20170201-WA0007.jpg 1600w\" sizes=\"(max-width: 300px) 100vw, 300px\" \/><\/a><\/p>\n<p>Auch kleinere Verletzungen werden unter den Stammtischfreunden sofort behandelt.<\/p>\n<p><a href=\"https:\/\/www.vereinigte-kalkwerke.de\/wp-content\/uploads\/2017\/02\/IMG_5832.jpg\"><img loading=\"lazy\" class=\"alignleft size-medium wp-image-944\" src=\"https:\/\/www.vereinigte-kalkwerke.de\/wp-content\/uploads\/2017\/02\/IMG_5832-300x224.jpg\" alt=\"img_5832\" width=\"300\" height=\"224\" srcset=\"https:\/\/www.vereinigte-kalkwerke.de\/wp-content\/uploads\/2017\/02\/IMG_5832-300x224.jpg 300w, https:\/\/www.vereinigte-kalkwerke.de\/wp-content\/uploads\/2017\/02\/IMG_5832-768x574.jpg 768w, https:\/\/www.vereinigte-kalkwerke.de\/wp-content\/uploads\/2017\/02\/IMG_5832-1024x765.jpg 1024w\" sizes=\"(max-width: 300px) 100vw, 300px\" \/><\/a><\/p>\n","protected":false},"excerpt":{"rendered":"<p>Per WhatsApp wurden letzten Mittwoch Peter herzliche Gr\u00fc\u00dfe nach Hause geschickt, da er an diesem Abend an der Stammtischrunde nicht teilnehmen konnte. Auch kleinere Verletzungen werden unter den Stammtischfreunden sofort behandelt.<\/p>\n","protected":false},"author":2,"featured_media":0,"parent":2093,"menu_order":2,"comment_status":"open","ping_status":"open","template":"","meta":[],"_links":{"self":[{"href":"https:\/\/www.vereinigte-kalkwerke.de\/index.php?rest_route=\/wp\/v2\/pages\/942"}],"collection":[{"href":"https:\/\/www.vereinigte-kalkwerke.de\/index.php?rest_route=\/wp\/v2\/pages"}],"about":[{"href":"https:\/\/www.vereinigte-kalkwerke.de\/index.php?rest_route=\/wp\/v2\/types\/page"}],"author":[{"embeddable":true,"href":"https:\/\/www.vereinigte-kalkwerke.de\/index.php?rest_route=\/wp\/v2\/users\/2"}],"replies":[{"embeddable":true,"href":"https:\/\/www.vereinigte-kalkwerke.de\/index.php?rest_route=%2Fwp%2Fv2%2Fcomments&post=942"}],"version-history":[{"count":9,"href":"https:\/\/www.vereinigte-kalkwerke.de\/index.php?rest_route=\/wp\/v2\/pages\/942\/revisions"}],"predecessor-version":[{"id":2163,"href":"https:\/\/www.vereinigte-kalkwerke.de\/index.php?rest_route=\/wp\/v2\/pages\/942\/revisions\/2163"}],"up":[{"embeddable":true,"href":"https:\/\/www.vereinigte-kalkwerke.de\/index.php?rest_route=\/wp\/v2\/pages\/2093"}],"wp:attachment":[{"href":"https:\/\/www.vereinigte-kalkwerke.de\/index.php?rest_route=%2Fwp%2Fv2%2Fmedia&parent=942"}],"curies":[{"name":"wp","href":"https:\/\/api.w.org\/{rel}","templated":true}]}}