{"id":977,"date":"2017-03-30T14:44:55","date_gmt":"2017-03-30T12:44:55","guid":{"rendered":"http:\/\/www.vereinigte-kalkwerke.de\/?p=977"},"modified":"2020-11-12T19:55:36","modified_gmt":"2020-11-12T17:55:36","slug":"dr-wilhelm-geldmacher-und-dr-dieter-voss-erhalten-vkw-anstecknadel-mit-goldkranz","status":"publish","type":"page","link":"https:\/\/www.vereinigte-kalkwerke.de\/?page_id=977","title":{"rendered":"Dr. Wilhelm Geldmacher und Dr. Dieter Vo\u00df erhalten VKW Anstecknadel mit Goldkranz"},"content":{"rendered":"<p><a href=\"https:\/\/www.vereinigte-kalkwerke.de\/wp-content\/uploads\/2017\/01\/Anstecknadel-Kranz-e1485444660916.jpg\"><img loading=\"lazy\" class=\"alignleft size-thumbnail wp-image-814\" src=\"https:\/\/www.vereinigte-kalkwerke.de\/wp-content\/uploads\/2017\/01\/Anstecknadel-Kranz-150x150.jpg\" alt=\"anstecknadel-kranz\" width=\"150\" height=\"150\" \/><\/a>Dr. Wilhelm Geldmacher und Dr. Dieter Vo\u00df erhielten am letzten Mittwochsstammtisch f\u00fcr langj\u00e4hrige Mitgliedschaft und besondere Verdienste\u00a0 die Ehrennadel der VKW mit Goldkranz. Wilhelm Geldmacher ist nun seit beinah 31 Jahren regelm\u00e4\u00dfig am Stammtisch und vertritt diesen heute als Speaker. Dieter Vo\u00df ist schon 1984 im November den Vereinigten Kalkwerken beigetreten.<\/p>\n<p>Das Bild zeigt die beiden verdienten, stolzen\u00a0Jubilare mit den ersten Nadeln aus der neuen Kollektion:<\/p>\n<p><a href=\"https:\/\/www.vereinigte-kalkwerke.de\/wp-content\/uploads\/2017\/03\/20170329_192504.jpg\"><img loading=\"lazy\" class=\"alignleft wp-image-982 size-medium\" src=\"https:\/\/www.vereinigte-kalkwerke.de\/wp-content\/uploads\/2017\/03\/20170329_192504-300x169.jpg\" alt=\"20170329_192504\" width=\"300\" height=\"169\" srcset=\"https:\/\/www.vereinigte-kalkwerke.de\/wp-content\/uploads\/2017\/03\/20170329_192504-300x169.jpg 300w, https:\/\/www.vereinigte-kalkwerke.de\/wp-content\/uploads\/2017\/03\/20170329_192504-768x432.jpg 768w, https:\/\/www.vereinigte-kalkwerke.de\/wp-content\/uploads\/2017\/03\/20170329_192504-1024x576.jpg 1024w\" sizes=\"(max-width: 300px) 100vw, 300px\" \/><\/a><\/p>\n<p>Weitere Bilder des Abends (29.03.2017) im Stammtischlokal:<\/p>\n<p><a href=\"https:\/\/www.vereinigte-kalkwerke.de\/wp-content\/uploads\/2017\/03\/IMG-20170330-WA0003.jpg\"><img loading=\"lazy\" class=\"alignleft size-thumbnail wp-image-987\" src=\"https:\/\/www.vereinigte-kalkwerke.de\/wp-content\/uploads\/2017\/03\/IMG-20170330-WA0003-150x150.jpg\" alt=\"img-20170330-wa0003\" width=\"150\" height=\"150\" \/><\/a> <a href=\"https:\/\/www.vereinigte-kalkwerke.de\/wp-content\/uploads\/2017\/03\/IMG-20170330-WA0002.jpg\"><img loading=\"lazy\" class=\"alignleft size-thumbnail wp-image-986\" src=\"https:\/\/www.vereinigte-kalkwerke.de\/wp-content\/uploads\/2017\/03\/IMG-20170330-WA0002-150x150.jpg\" alt=\"img-20170330-wa0002\" width=\"150\" height=\"150\" \/><\/a> <a href=\"https:\/\/www.vereinigte-kalkwerke.de\/wp-content\/uploads\/2017\/03\/IMG-20170330-WA0001.jpg\"><img loading=\"lazy\" class=\"alignleft size-thumbnail wp-image-985\" src=\"https:\/\/www.vereinigte-kalkwerke.de\/wp-content\/uploads\/2017\/03\/IMG-20170330-WA0001-150x150.jpg\" alt=\"img-20170330-wa0001\" width=\"150\" height=\"150\" \/><\/a> <a href=\"https:\/\/www.vereinigte-kalkwerke.de\/wp-content\/uploads\/2017\/03\/20170329_193726.jpg\"><img loading=\"lazy\" class=\"alignleft size-thumbnail wp-image-983\" src=\"https:\/\/www.vereinigte-kalkwerke.de\/wp-content\/uploads\/2017\/03\/20170329_193726-150x150.jpg\" alt=\"20170329_193726\" width=\"150\" height=\"150\" \/><\/a> <a href=\"https:\/\/www.vereinigte-kalkwerke.de\/wp-content\/uploads\/2017\/03\/20170329_192345.jpg\"><img loading=\"lazy\" class=\"alignleft size-thumbnail wp-image-981\" src=\"https:\/\/www.vereinigte-kalkwerke.de\/wp-content\/uploads\/2017\/03\/20170329_192345-150x150.jpg\" alt=\"20170329_192345\" width=\"150\" height=\"150\" \/><\/a> <a href=\"https:\/\/www.vereinigte-kalkwerke.de\/wp-content\/uploads\/2017\/03\/20170329_192228.jpg\"><img loading=\"lazy\" class=\"alignleft size-thumbnail wp-image-980\" src=\"https:\/\/www.vereinigte-kalkwerke.de\/wp-content\/uploads\/2017\/03\/20170329_192228-150x150.jpg\" alt=\"20170329_192228\" width=\"150\" height=\"150\" \/><\/a> <a href=\"https:\/\/www.vereinigte-kalkwerke.de\/wp-content\/uploads\/2017\/03\/20170329_192211.jpg\"><img loading=\"lazy\" class=\"alignleft size-thumbnail wp-image-979\" src=\"https:\/\/www.vereinigte-kalkwerke.de\/wp-content\/uploads\/2017\/03\/20170329_192211-150x150.jpg\" alt=\"20170329_192211\" width=\"150\" height=\"150\" \/><\/a> <a href=\"https:\/\/www.vereinigte-kalkwerke.de\/wp-content\/uploads\/2017\/03\/20170329_192138.jpg\"><img loading=\"lazy\" class=\"alignleft size-thumbnail wp-image-978\" src=\"https:\/\/www.vereinigte-kalkwerke.de\/wp-content\/uploads\/2017\/03\/20170329_192138-150x150.jpg\" alt=\"20170329_192138\" width=\"150\" height=\"150\" \/><\/a><\/p>\n","protected":false},"excerpt":{"rendered":"<p>Dr. Wilhelm Geldmacher und Dr. Dieter Vo\u00df erhielten am letzten Mittwochsstammtisch f\u00fcr langj\u00e4hrige Mitgliedschaft und besondere Verdienste\u00a0 die Ehrennadel der VKW mit Goldkranz. Wilhelm Geldmacher ist nun seit beinah 31 Jahren regelm\u00e4\u00dfig am Stammtisch und vertritt diesen heute als Speaker. Dieter Vo\u00df ist schon 1984 im November den Vereinigten Kalkwerken beigetreten. Das Bild zeigt die &hellip; <a class=\"read-excerpt\" href=\"https:\/\/www.vereinigte-kalkwerke.de\/?page_id=977\">Weiterlesen <span class=\"meta-nav\">&raquo;<\/span><\/a><\/p>\n","protected":false},"author":2,"featured_media":0,"parent":2107,"menu_order":2,"comment_status":"open","ping_status":"open","template":"","meta":[],"_links":{"self":[{"href":"https:\/\/www.vereinigte-kalkwerke.de\/index.php?rest_route=\/wp\/v2\/pages\/977"}],"collection":[{"href":"https:\/\/www.vereinigte-kalkwerke.de\/index.php?rest_route=\/wp\/v2\/pages"}],"about":[{"href":"https:\/\/www.vereinigte-kalkwerke.de\/index.php?rest_route=\/wp\/v2\/types\/page"}],"author":[{"embeddable":true,"href":"https:\/\/www.vereinigte-kalkwerke.de\/index.php?rest_route=\/wp\/v2\/users\/2"}],"replies":[{"embeddable":true,"href":"https:\/\/www.vereinigte-kalkwerke.de\/index.php?rest_route=%2Fwp%2Fv2%2Fcomments&post=977"}],"version-history":[{"count":4,"href":"https:\/\/www.vereinigte-kalkwerke.de\/index.php?rest_route=\/wp\/v2\/pages\/977\/revisions"}],"predecessor-version":[{"id":2115,"href":"https:\/\/www.vereinigte-kalkwerke.de\/index.php?rest_route=\/wp\/v2\/pages\/977\/revisions\/2115"}],"up":[{"embeddable":true,"href":"https:\/\/www.vereinigte-kalkwerke.de\/index.php?rest_route=\/wp\/v2\/pages\/2107"}],"wp:attachment":[{"href":"https:\/\/www.vereinigte-kalkwerke.de\/index.php?rest_route=%2Fwp%2Fv2%2Fmedia&parent=977"}],"curies":[{"name":"wp","href":"https:\/\/api.w.org\/{rel}","templated":true}]}}