{"id":995,"date":"2017-04-04T14:08:24","date_gmt":"2017-04-04T12:08:24","guid":{"rendered":"http:\/\/www.vereinigte-kalkwerke.de\/?p=995"},"modified":"2020-11-12T20:06:16","modified_gmt":"2020-11-12T18:06:16","slug":"stammtisch-der-vkw-am-03-05-2017-im-casino","status":"publish","type":"page","link":"https:\/\/www.vereinigte-kalkwerke.de\/?page_id=995","title":{"rendered":"Stammtisch der VKW am 03.05.2017 im Casino"},"content":{"rendered":"<p><a href=\"https:\/\/www.vereinigte-kalkwerke.de\/wp-content\/uploads\/2017\/04\/IMG_5700.jpg\"><img loading=\"lazy\" class=\"alignleft size-medium wp-image-996\" src=\"https:\/\/www.vereinigte-kalkwerke.de\/wp-content\/uploads\/2017\/04\/IMG_5700-300x205.jpg\" alt=\"img_5700\" width=\"300\" height=\"205\" srcset=\"https:\/\/www.vereinigte-kalkwerke.de\/wp-content\/uploads\/2017\/04\/IMG_5700-300x205.jpg 300w, https:\/\/www.vereinigte-kalkwerke.de\/wp-content\/uploads\/2017\/04\/IMG_5700-768x524.jpg 768w, https:\/\/www.vereinigte-kalkwerke.de\/wp-content\/uploads\/2017\/04\/IMG_5700-1024x699.jpg 1024w, https:\/\/www.vereinigte-kalkwerke.de\/wp-content\/uploads\/2017\/04\/IMG_5700.jpg 1181w\" sizes=\"(max-width: 300px) 100vw, 300px\" \/><\/a>Unter dem Motto &#8222;back to the roots&#8220; treffen sich die Stammtischfreunde der Vereinigten Kalkwerke am Mittwoch den 03. Mai 2017 im Casino auf der K\u00f6nigstra\u00dfe 22. Beginn mit Kaffee und Kuchen ist um 15:00 Uhr.<\/p>\n<p>Beim Casino handelt es sich um das jetzige Amt f\u00fcr Arbeitsschutz, fr\u00fcher Amt f\u00fcr Agrarordnung und von 1945 -1974 das Rathaus der Stadt Arnsberg.<\/p>\n<p>Die Vereinigten Kalkwerke sind aus der schon 1897 gegr\u00fcndeten &#8222;Casino- Gesellschaft&#8220; hervorgegangen und feierte daher im Januar 2017 sein 120. j\u00e4hriges Bestehen.&nbsp; Die Casino-Gesellschaft tagte bis 1939 in diesem Geb\u00e4ude am Neumarkt, ehe man in das Hotel &#8222;Zur Krone&#8220; in die Apothekenstra\u00dfe umzog.<a href=\"https:\/\/www.vereinigte-kalkwerke.de\/wp-content\/uploads\/2017\/04\/SCI0667.jpg\"><img loading=\"lazy\" class=\"alignright size-medium wp-image-999\" src=\"https:\/\/www.vereinigte-kalkwerke.de\/wp-content\/uploads\/2017\/04\/SCI0667-300x176.jpg\" alt=\"_sci0667\" width=\"300\" height=\"176\" srcset=\"https:\/\/www.vereinigte-kalkwerke.de\/wp-content\/uploads\/2017\/04\/SCI0667-300x176.jpg 300w, https:\/\/www.vereinigte-kalkwerke.de\/wp-content\/uploads\/2017\/04\/SCI0667-768x450.jpg 768w, https:\/\/www.vereinigte-kalkwerke.de\/wp-content\/uploads\/2017\/04\/SCI0667.jpg 969w\" sizes=\"(max-width: 300px) 100vw, 300px\" \/><\/a><\/p>\n<p>Die Vereinigten Kalkwerke treffen sich am 03.05. also in dem Raum, in dem ihre Gr\u00fcndungsmitglieder lange Jahre regelm\u00e4\u00dfig tagten. Nach Kaffee und Kuchen geht es dann weiter in den fr\u00fcheren Klosterbierkeller hinter dem Hirschberger Tor, wo man den ereignisreichen, geschichtstr\u00e4chtigen&nbsp;Tag in aller Gem\u00fctlichkeit ausklingen lassen wird.<\/p>\n<h2><b><span style=\"color: #000000; font-family: Courier New; font-size: small;\">&nbsp;<\/span><\/b><\/h2>\n","protected":false},"excerpt":{"rendered":"<p>Unter dem Motto &#8222;back to the roots&#8220; treffen sich die Stammtischfreunde der Vereinigten Kalkwerke am Mittwoch den 03. Mai 2017 im Casino auf der K\u00f6nigstra\u00dfe 22. Beginn mit Kaffee und Kuchen ist um 15:00 Uhr. Beim Casino handelt es sich um das jetzige Amt f\u00fcr Arbeitsschutz, fr\u00fcher Amt f\u00fcr Agrarordnung und von 1945 -1974 das &hellip; <a class=\"read-excerpt\" href=\"https:\/\/www.vereinigte-kalkwerke.de\/?page_id=995\">Weiterlesen <span class=\"meta-nav\">&raquo;<\/span><\/a><\/p>\n","protected":false},"author":2,"featured_media":0,"parent":2093,"menu_order":3,"comment_status":"open","ping_status":"open","template":"","meta":[],"_links":{"self":[{"href":"https:\/\/www.vereinigte-kalkwerke.de\/index.php?rest_route=\/wp\/v2\/pages\/995"}],"collection":[{"href":"https:\/\/www.vereinigte-kalkwerke.de\/index.php?rest_route=\/wp\/v2\/pages"}],"about":[{"href":"https:\/\/www.vereinigte-kalkwerke.de\/index.php?rest_route=\/wp\/v2\/types\/page"}],"author":[{"embeddable":true,"href":"https:\/\/www.vereinigte-kalkwerke.de\/index.php?rest_route=\/wp\/v2\/users\/2"}],"replies":[{"embeddable":true,"href":"https:\/\/www.vereinigte-kalkwerke.de\/index.php?rest_route=%2Fwp%2Fv2%2Fcomments&post=995"}],"version-history":[{"count":4,"href":"https:\/\/www.vereinigte-kalkwerke.de\/index.php?rest_route=\/wp\/v2\/pages\/995\/revisions"}],"predecessor-version":[{"id":2122,"href":"https:\/\/www.vereinigte-kalkwerke.de\/index.php?rest_route=\/wp\/v2\/pages\/995\/revisions\/2122"}],"up":[{"embeddable":true,"href":"https:\/\/www.vereinigte-kalkwerke.de\/index.php?rest_route=\/wp\/v2\/pages\/2093"}],"wp:attachment":[{"href":"https:\/\/www.vereinigte-kalkwerke.de\/index.php?rest_route=%2Fwp%2Fv2%2Fmedia&parent=995"}],"curies":[{"name":"wp","href":"https:\/\/api.w.org\/{rel}","templated":true}]}}